{"id":2635,"date":"2021-12-03T12:23:19","date_gmt":"2021-12-03T18:23:19","guid":{"rendered":"https:\/\/staging2.idsinc.com\/case-studies\/working-as-a-forensic-neutral-to-help-counsel-understand-how-parties-interacted-with-devices-copy\/"},"modified":"2022-12-07T13:44:40","modified_gmt":"2022-12-07T19:44:40","slug":"leanreview","status":"publish","type":"page","link":"https:\/\/idsinc.com\/fr\/case-studies\/leanreview\/","title":{"rendered":"LeanReview\u2122 aide \u00e0 isoler les documents cl\u00e9s pour faciliter les entretiens avec les employ\u00e9s"},"content":{"rendered":"<!--themify_builder_content-->\n<div id=\"themify_builder_content-2635\" data-postid=\"2635\" class=\"themify_builder_content themify_builder_content-2635 themify_builder tf_clear\">\n                    <div  data-lazy=\"1\" class=\"module_row themify_builder_row tb_uiq7702 tb_first tf_w\">\n                        <div class=\"row_inner col_align_top tb_col_count_1 tf_box tf_rel\">\n                        <div  data-lazy=\"1\" class=\"module_column tb-column col-full tb_9ick703 first\">\n                    <!-- module image -->\n<div  class=\"module module-image tb_d9ay703 image-full-overlay   auto_fullwidth tf_mw\" data-lazy=\"1\">\n        <div class=\"image-wrap tf_rel tf_mw\">\n            <img loading=\"lazy\" decoding=\"async\" width=\"1024\" height=\"512\" src=\"https:\/\/idsinc.com\/wp-content\/uploads\/2021\/12\/iDS-CaseStudyImages-202111-leanreview-1024x512.jpg\" class=\"wp-post-image wp-image-2487\" title=\"LeanReview\u2122 aide \u00e0 isoler les documents cl\u00e9s pour faciliter les entretiens avec les employ\u00e9s\" alt=\"LeanReview\u2122 aide \u00e0 isoler les documents cl\u00e9s pour faciliter les entretiens avec les employ\u00e9s\" srcset=\"https:\/\/idsinc.com\/wp-content\/uploads\/2021\/12\/iDS-CaseStudyImages-202111-leanreview-1024x512.jpg 1024w, https:\/\/idsinc.com\/wp-content\/uploads\/2021\/12\/iDS-CaseStudyImages-202111-leanreview-300x150.jpg 300w, https:\/\/idsinc.com\/wp-content\/uploads\/2021\/12\/iDS-CaseStudyImages-202111-leanreview-768x384.jpg 768w, https:\/\/idsinc.com\/wp-content\/uploads\/2021\/12\/iDS-CaseStudyImages-202111-leanreview-1536x768.jpg 1536w, https:\/\/idsinc.com\/wp-content\/uploads\/2021\/12\/iDS-CaseStudyImages-202111-leanreview-2048x1024.jpg 2048w, https:\/\/idsinc.com\/wp-content\/uploads\/2021\/12\/iDS-CaseStudyImages-202111-leanreview-1320x660.jpg 1320w\" sizes=\"auto, (max-width: 1024px) 100vw, 1024px\" \/>    \n        <\/div>\n    <!-- \/image-wrap -->\n    \n        <div class=\"image-content tf_overflow\">\n                    <h3 class=\"image-title\">\n                                    LeanReview\u2122 aide \u00e0 isoler les documents cl\u00e9s pour faciliter les entretiens avec les employ\u00e9s                            <\/h3>\n                    <\/div>\n    <!-- \/image-content -->\n        <\/div>\n<!-- \/module image -->        <\/div>\n                        <\/div>\n        <\/div>\n                        <div  data-lazy=\"1\" class=\"module_row themify_builder_row tb_ziqz702 tf_w\">\n                        <div class=\"row_inner col_align_top tb_col_count_1 tf_box tf_rel\">\n                        <div  data-lazy=\"1\" class=\"module_column tb-column col-full tb_ulh9704 first\">\n                    <!-- module fancy heading -->\n<div  class=\"module module-fancy-heading tb_uflf704\" data-lazy=\"1\">\n        <h1 class=\"fancy-heading\">\n    <span class=\"main-head tf_block\">\n                    D\u00c9FI            <\/span>\n\n    \n    <span class=\"sub-head tf_block tf_rel\">\n                                <\/span>\n    <\/h1>\n<\/div>\n<!-- \/module fancy heading -->\n<!-- module text -->\n<div  class=\"module module-text tb_0usi705\" data-lazy=\"1\">\n        <div  class=\"tb_text_wrap\">\n        <div class=\"page\" title=\"Page 1\">\n<div class=\"layoutArea\">\n<div class=\"column\">\n<h5>Le client d&#039;iDS avait besoin de pr\u00e9parer des classeurs de documents pour soutenir une s\u00e9rie d&#039;entretiens qui devaient \u00eatre men\u00e9s au cours d&#039;une semaine.<\/h5>\n<p>Notre client menait une enqu\u00eate interne pour d\u00e9terminer si des employ\u00e9s avaient fait, par n\u00e9gligence ou sciemment, de fausses d\u00e9clarations aux autorit\u00e9s r\u00e9glementaires. Dans le cadre de leur enqu\u00eate, notre client a pr\u00e9vu des entretiens avec quatre employ\u00e9s d&#039;int\u00e9r\u00eat.<\/p>\n<p><strong>iDS a \u00e9t\u00e9 charg\u00e9 de\u00a0:<\/strong><\/p>\n<ul>\n<li>Isoler un sous-ensemble de documents dans l&#039;ensemble de donn\u00e9es plus large pour un examen cibl\u00e9<\/li>\n<li>Promouvoir uniquement les documents les plus susceptibles d&#039;\u00eatre cl\u00e9s pour un examen visuel<\/li>\n<li>Exporter et livrer les documents cl\u00e9s \u00e0 inclure dans les classeurs de documents<\/li>\n<\/ul>\n<\/div>\n<\/div>\n<\/div>    <\/div>\n<\/div>\n<!-- \/module text --><!-- module fancy heading -->\n<div  class=\"module module-fancy-heading tb_9e9b705\" data-lazy=\"1\">\n        <h1 class=\"fancy-heading\">\n    <span class=\"main-head tf_block\">\n                    Solution            <\/span>\n\n    \n    <span class=\"sub-head tf_block tf_rel\">\n                                <\/span>\n    <\/h1>\n<\/div>\n<!-- \/module fancy heading -->\n<!-- module text -->\n<div  class=\"module module-text tb_2yi2705\" data-lazy=\"1\">\n        <div  class=\"tb_text_wrap\">\n        <div class=\"page\" title=\"Page 1\">\n<div class=\"layoutArea\">\n<div class=\"column\">\n<h5>Nous avons tir\u00e9 parti de plusieurs composants de LeanReview\u2122 afin de cr\u00e9er un flux de travail s\u00e9par\u00e9 d\u00e9di\u00e9 \u00e0 l&#039;identification des documents cl\u00e9s qui entreraient dans les classeurs et prendraient en charge le processus d&#039;entretien.<\/h5>\n<p>L&#039;\u00e9quipe iDS Discovery Services Analytics a utilis\u00e9 LeanReview\u2122 pour d\u00e9ployer un flux de travail distinct qui fonctionnait en parall\u00e8le avec l&#039;examen plus large. Le flux de travail a \u00e9t\u00e9 con\u00e7u pour atteindre deux objectifs principaux\u00a0:<\/p>\n<ul>\n<li>Limitez la population r\u00e9visable gr\u00e2ce \u00e0 une analyse par grappes bas\u00e9e sur des documents exemplaires.<\/li>\n<li>Entra\u00eenez rapidement un classificateur pr\u00e9dictif \u00e0 l&#039;aide d&#039;un mod\u00e8le existant et de documents s\u00e9lectionn\u00e9s par un algorithme d&#039;apprentissage automatique.<\/li>\n<\/ul>\n<\/div>\n<\/div>\n<\/div>    <\/div>\n<\/div>\n<!-- \/module text --><!-- module fancy heading -->\n<div  class=\"module module-fancy-heading tb_h3yj706\" data-lazy=\"1\">\n        <h1 class=\"fancy-heading\">\n    <span class=\"main-head tf_block\">\n                    R\u00e9sultat            <\/span>\n\n    \n    <span class=\"sub-head tf_block tf_rel\">\n                                <\/span>\n    <\/h1>\n<\/div>\n<!-- \/module fancy heading -->\n<!-- module text -->\n<div  class=\"module module-text tb_dvd2706\" data-lazy=\"1\">\n        <div  class=\"tb_text_wrap\">\n        <div class=\"page\" title=\"Page 1\">\n<div class=\"layoutArea\">\n<div class=\"column\">\n<h5>LeanReview\u2122 a isol\u00e9 un petit sous-ensemble de documents pour une r\u00e9vision imm\u00e9diate permettant aux r\u00e9viseurs de se concentrer uniquement sur le contenu le plus pertinent. Le travail s&#039;est d\u00e9roul\u00e9 ind\u00e9pendamment de l&#039;examen plus large afin d&#039;assurer une interruption minimale du flux de travail global. <\/h5>\n<p>LeanReview\u2122 a pu hi\u00e9rarchiser un ensemble de 2 225 documents pour un examen imm\u00e9diat sur un corpus de plus de 3 millions de documents. Dans le sous-ensemble de documents promus \u00e0 un examen visuel, plus de 80% des documents ont \u00e9t\u00e9 d\u00e9termin\u00e9s comme r\u00e9pondant \u00e0 l&#039;enqu\u00eate et 55% de ces documents ont \u00e9t\u00e9 d\u00e9termin\u00e9s comme \u00e9tant tr\u00e8s pertinents pour les probl\u00e8mes sp\u00e9cifiques en cause. Le livrable final \u00e9tait un ensemble de 110 documents cl\u00e9s qui ont \u00e9t\u00e9 organis\u00e9s en classeurs et utilis\u00e9s par notre client pour soutenir les entretiens avec les employ\u00e9s.<\/p>\n<\/div>\n<\/div>\n<\/div>    <\/div>\n<\/div>\n<!-- \/module text -->        <\/div>\n                        <\/div>\n        <\/div>\n        <\/div>\n<!--\/themify_builder_content-->","protected":false},"excerpt":{"rendered":"<p>iDS\u2019s client needed to prepare document binders to support a series of interviews that were scheduled to be conducted over the course of one week. Our client was conducting an internal investigation to determine if employees negligently or knowingly made misrepresentations to regulatory authorities. As part of their investigation, our client scheduled interviews with four [&hellip;]<\/p>\n","protected":false},"author":1,"featured_media":2487,"parent":33,"menu_order":0,"comment_status":"closed","ping_status":"closed","template":"","meta":{"footnotes":""},"team":[],"class_list":["post-2635","page","type-page","status-publish","has-post-thumbnail","hentry","has-post-title","has-post-date","has-post-category","has-post-tag","has-post-comment","has-post-author",""],"yoast_head":"<!-- This site is optimized with the Yoast SEO Premium plugin v27.5 (Yoast SEO v27.5) - https:\/\/yoast.com\/product\/yoast-seo-premium-wordpress\/ -->\n<title>LeanReview\u2122 Helps Isolate Key Documents - iDiscovery Solutions<\/title>\n<meta name=\"description\" content=\"iDiscovery Solutions utilizes LeanReview\u2122 to expedite Isolation of Key Documents, Supporting Employee Interviews.\" \/>\n<meta name=\"robots\" content=\"index, follow, max-snippet:-1, max-image-preview:large, max-video-preview:-1\" \/>\n<link rel=\"canonical\" href=\"https:\/\/idsinc.com\/fr\/etudes-de-cas\/leanreview\/\" \/>\n<meta property=\"og:locale\" content=\"fr_FR\" \/>\n<meta property=\"og:type\" content=\"article\" \/>\n<meta property=\"og:title\" content=\"LeanReview\u2122 Helps Isolate Key Documents to Support Employee Interviews\" \/>\n<meta property=\"og:description\" content=\"iDiscovery Solutions utilizes LeanReview\u2122 to expedite Isolation of Key Documents, Supporting Employee Interviews.\" \/>\n<meta property=\"og:url\" content=\"https:\/\/idsinc.com\/fr\/etudes-de-cas\/leanreview\/\" \/>\n<meta property=\"og:site_name\" content=\"iDiscovery Solutions\" \/>\n<meta property=\"article:publisher\" content=\"https:\/\/www.facebook.com\/iDiscovery-Solutions-110210573904472\" \/>\n<meta property=\"article:modified_time\" content=\"2022-12-07T19:44:40+00:00\" \/>\n<meta property=\"og:image\" content=\"https:\/\/idsinc.com\/wp-content\/uploads\/2021\/12\/iDS-CaseStudyImages-202111-leanreview.jpg\" \/>\n\t<meta property=\"og:image:width\" content=\"2500\" \/>\n\t<meta property=\"og:image:height\" content=\"1250\" \/>\n\t<meta property=\"og:image:type\" content=\"image\/jpeg\" \/>\n<meta name=\"twitter:card\" content=\"summary_large_image\" \/>\n<script type=\"application\/ld+json\" class=\"yoast-schema-graph\">{\"@context\":\"https:\\\/\\\/schema.org\",\"@graph\":[{\"@type\":\"WebPage\",\"@id\":\"https:\\\/\\\/idsinc.com\\\/case-studies\\\/leanreview\\\/\",\"url\":\"https:\\\/\\\/idsinc.com\\\/case-studies\\\/leanreview\\\/\",\"name\":\"LeanReview\u2122 Helps Isolate Key Documents - iDiscovery Solutions\",\"isPartOf\":{\"@id\":\"https:\\\/\\\/idsinc.com\\\/en_gb\\\/#website\"},\"primaryImageOfPage\":{\"@id\":\"https:\\\/\\\/idsinc.com\\\/case-studies\\\/leanreview\\\/#primaryimage\"},\"image\":{\"@id\":\"https:\\\/\\\/idsinc.com\\\/case-studies\\\/leanreview\\\/#primaryimage\"},\"thumbnailUrl\":\"https:\\\/\\\/idsinc.com\\\/wp-content\\\/uploads\\\/2021\\\/12\\\/iDS-CaseStudyImages-202111-leanreview.jpg\",\"datePublished\":\"2021-12-03T18:23:19+00:00\",\"dateModified\":\"2022-12-07T19:44:40+00:00\",\"description\":\"iDiscovery Solutions utilizes LeanReview\u2122 to expedite Isolation of Key Documents, Supporting Employee Interviews.\",\"breadcrumb\":{\"@id\":\"https:\\\/\\\/idsinc.com\\\/case-studies\\\/leanreview\\\/#breadcrumb\"},\"inLanguage\":\"fr-FR\",\"potentialAction\":[{\"@type\":\"ReadAction\",\"target\":[\"https:\\\/\\\/idsinc.com\\\/case-studies\\\/leanreview\\\/\"]}]},{\"@type\":\"ImageObject\",\"inLanguage\":\"fr-FR\",\"@id\":\"https:\\\/\\\/idsinc.com\\\/case-studies\\\/leanreview\\\/#primaryimage\",\"url\":\"https:\\\/\\\/idsinc.com\\\/wp-content\\\/uploads\\\/2021\\\/12\\\/iDS-CaseStudyImages-202111-leanreview.jpg\",\"contentUrl\":\"https:\\\/\\\/idsinc.com\\\/wp-content\\\/uploads\\\/2021\\\/12\\\/iDS-CaseStudyImages-202111-leanreview.jpg\",\"width\":2500,\"height\":1250},{\"@type\":\"BreadcrumbList\",\"@id\":\"https:\\\/\\\/idsinc.com\\\/case-studies\\\/leanreview\\\/#breadcrumb\",\"itemListElement\":[{\"@type\":\"ListItem\",\"position\":1,\"name\":\"Home\",\"item\":\"https:\\\/\\\/idsinc.com\\\/\"},{\"@type\":\"ListItem\",\"position\":2,\"name\":\"Case Studies\",\"item\":\"https:\\\/\\\/idsinc.com\\\/case-studies\\\/\"},{\"@type\":\"ListItem\",\"position\":3,\"name\":\"LeanReview\u2122 Helps Isolate Key Documents to Support Employee Interviews\"}]},{\"@type\":\"WebSite\",\"@id\":\"https:\\\/\\\/idsinc.com\\\/en_gb\\\/#website\",\"url\":\"https:\\\/\\\/idsinc.com\\\/en_gb\\\/\",\"name\":\"iDiscovery Solutions\",\"description\":\"Use data to your advantage in the courtroom\",\"publisher\":{\"@id\":\"https:\\\/\\\/idsinc.com\\\/en_gb\\\/#organization\"},\"alternateName\":\"iDS\",\"potentialAction\":[{\"@type\":\"SearchAction\",\"target\":{\"@type\":\"EntryPoint\",\"urlTemplate\":\"https:\\\/\\\/idsinc.com\\\/en_gb\\\/?s={search_term_string}\"},\"query-input\":{\"@type\":\"PropertyValueSpecification\",\"valueRequired\":true,\"valueName\":\"search_term_string\"}}],\"inLanguage\":\"fr-FR\"},{\"@type\":\"Organization\",\"@id\":\"https:\\\/\\\/idsinc.com\\\/en_gb\\\/#organization\",\"name\":\"iDiscovery Solutions\",\"alternateName\":\"iDS\",\"url\":\"https:\\\/\\\/idsinc.com\\\/en_gb\\\/\",\"logo\":{\"@type\":\"ImageObject\",\"inLanguage\":\"fr-FR\",\"@id\":\"https:\\\/\\\/idsinc.com\\\/en_gb\\\/#\\\/schema\\\/logo\\\/image\\\/\",\"url\":\"https:\\\/\\\/idsinc.com\\\/wp-content\\\/uploads\\\/2021\\\/01\\\/iDS-Logo-3c-e1611176096212.png\",\"contentUrl\":\"https:\\\/\\\/idsinc.com\\\/wp-content\\\/uploads\\\/2021\\\/01\\\/iDS-Logo-3c-e1611176096212.png\",\"width\":100,\"height\":73,\"caption\":\"iDiscovery Solutions\"},\"image\":{\"@id\":\"https:\\\/\\\/idsinc.com\\\/en_gb\\\/#\\\/schema\\\/logo\\\/image\\\/\"},\"sameAs\":[\"https:\\\/\\\/www.facebook.com\\\/iDiscovery-Solutions-110210573904472\",\"https:\\\/\\\/www.linkedin.com\\\/company\\\/idsinc\",\"https:\\\/\\\/www.youtube.com\\\/channel\\\/UCarv7o1MeYfCp0eZ1IrufIw\"],\"description\":\"iDS provides consultative data solutions to corporations and law firms around the world, giving them a decisive advantage \u2013 both in and out of the courtroom. iDS\u2019s subject matter experts and data strategists specialize in finding solutions to complex data problems, ensuring data can be leveraged as an asset, not a liability.\",\"email\":\"info@idsinc.com\",\"telephone\":\"+1.800.813.4832\",\"legalName\":\"iDiscovery Solutions\"}]}<\/script>\n<!-- \/ Yoast SEO Premium plugin. -->","yoast_head_json":{"title":"LeanReview\u2122 aide \u00e0 isoler les documents cl\u00e9s - iDiscovery Solutions","description":"iDiscovery Solutions utilise LeanReview\u2122 pour acc\u00e9l\u00e9rer l&#039;isolement des documents cl\u00e9s, prenant en charge les entretiens avec les employ\u00e9s.","robots":{"index":"index","follow":"follow","max-snippet":"max-snippet:-1","max-image-preview":"max-image-preview:large","max-video-preview":"max-video-preview:-1"},"canonical":"https:\/\/idsinc.com\/fr\/etudes-de-cas\/leanreview\/","og_locale":"fr_FR","og_type":"article","og_title":"LeanReview\u2122 Helps Isolate Key Documents to Support Employee Interviews","og_description":"iDiscovery Solutions utilizes LeanReview\u2122 to expedite Isolation of Key Documents, Supporting Employee Interviews.","og_url":"https:\/\/idsinc.com\/fr\/etudes-de-cas\/leanreview\/","og_site_name":"iDiscovery Solutions","article_publisher":"https:\/\/www.facebook.com\/iDiscovery-Solutions-110210573904472","article_modified_time":"2022-12-07T19:44:40+00:00","og_image":[{"width":2500,"height":1250,"url":"https:\/\/idsinc.com\/wp-content\/uploads\/2021\/12\/iDS-CaseStudyImages-202111-leanreview.jpg","type":"image\/jpeg"}],"twitter_card":"summary_large_image","schema":{"@context":"https:\/\/schema.org","@graph":[{"@type":"WebPage","@id":"https:\/\/idsinc.com\/case-studies\/leanreview\/","url":"https:\/\/idsinc.com\/case-studies\/leanreview\/","name":"LeanReview\u2122 aide \u00e0 isoler les documents cl\u00e9s - iDiscovery Solutions","isPartOf":{"@id":"https:\/\/idsinc.com\/en_gb\/#website"},"primaryImageOfPage":{"@id":"https:\/\/idsinc.com\/case-studies\/leanreview\/#primaryimage"},"image":{"@id":"https:\/\/idsinc.com\/case-studies\/leanreview\/#primaryimage"},"thumbnailUrl":"https:\/\/idsinc.com\/wp-content\/uploads\/2021\/12\/iDS-CaseStudyImages-202111-leanreview.jpg","datePublished":"2021-12-03T18:23:19+00:00","dateModified":"2022-12-07T19:44:40+00:00","description":"iDiscovery Solutions utilise LeanReview\u2122 pour acc\u00e9l\u00e9rer l&#039;isolement des documents cl\u00e9s, prenant en charge les entretiens avec les employ\u00e9s.","breadcrumb":{"@id":"https:\/\/idsinc.com\/case-studies\/leanreview\/#breadcrumb"},"inLanguage":"fr-FR","potentialAction":[{"@type":"ReadAction","target":["https:\/\/idsinc.com\/case-studies\/leanreview\/"]}]},{"@type":"ImageObject","inLanguage":"fr-FR","@id":"https:\/\/idsinc.com\/case-studies\/leanreview\/#primaryimage","url":"https:\/\/idsinc.com\/wp-content\/uploads\/2021\/12\/iDS-CaseStudyImages-202111-leanreview.jpg","contentUrl":"https:\/\/idsinc.com\/wp-content\/uploads\/2021\/12\/iDS-CaseStudyImages-202111-leanreview.jpg","width":2500,"height":1250},{"@type":"BreadcrumbList","@id":"https:\/\/idsinc.com\/case-studies\/leanreview\/#breadcrumb","itemListElement":[{"@type":"ListItem","position":1,"name":"Home","item":"https:\/\/idsinc.com\/"},{"@type":"ListItem","position":2,"name":"Case Studies","item":"https:\/\/idsinc.com\/case-studies\/"},{"@type":"ListItem","position":3,"name":"LeanReview\u2122 Helps Isolate Key Documents to Support Employee Interviews"}]},{"@type":"WebSite","@id":"https:\/\/idsinc.com\/en_gb\/#website","url":"https:\/\/idsinc.com\/en_gb\/","name":"Solutions d&#039;iD\u00e9couverte","description":"Utilisez les donn\u00e9es \u00e0 votre avantage dans la salle d\u2019audience","publisher":{"@id":"https:\/\/idsinc.com\/en_gb\/#organization"},"alternateName":"iDS","potentialAction":[{"@type":"SearchAction","target":{"@type":"EntryPoint","urlTemplate":"https:\/\/idsinc.com\/en_gb\/?s={search_term_string}"},"query-input":{"@type":"PropertyValueSpecification","valueRequired":true,"valueName":"search_term_string"}}],"inLanguage":"fr-FR"},{"@type":"Organization","@id":"https:\/\/idsinc.com\/en_gb\/#organization","name":"Solutions d&#039;iD\u00e9couverte","alternateName":"iDS","url":"https:\/\/idsinc.com\/en_gb\/","logo":{"@type":"ImageObject","inLanguage":"fr-FR","@id":"https:\/\/idsinc.com\/en_gb\/#\/schema\/logo\/image\/","url":"https:\/\/idsinc.com\/wp-content\/uploads\/2021\/01\/iDS-Logo-3c-e1611176096212.png","contentUrl":"https:\/\/idsinc.com\/wp-content\/uploads\/2021\/01\/iDS-Logo-3c-e1611176096212.png","width":100,"height":73,"caption":"iDiscovery Solutions"},"image":{"@id":"https:\/\/idsinc.com\/en_gb\/#\/schema\/logo\/image\/"},"sameAs":["https:\/\/www.facebook.com\/iDiscovery-Solutions-110210573904472","https:\/\/www.linkedin.com\/company\/idsinc","https:\/\/www.youtube.com\/channel\/UCarv7o1MeYfCp0eZ1IrufIw"],"description":"iDS fournit des solutions de donn\u00e9es consultatives aux entreprises et aux cabinets d&#039;avocats du monde entier, leur donnant un avantage d\u00e9cisif, tant \u00e0 l&#039;int\u00e9rieur qu&#039;\u00e0 l&#039;ext\u00e9rieur de la salle d&#039;audience. Les experts en la mati\u00e8re et les strat\u00e8ges en donn\u00e9es d&#039;iDS se sp\u00e9cialisent dans la recherche de solutions \u00e0 des probl\u00e8mes de donn\u00e9es complexes, garantissant que les donn\u00e9es peuvent \u00eatre exploit\u00e9es comme un atout et non comme un passif.","email":"info@idsinc.com","telephone":"+1.800.813.4832","legalName":"iDiscovery Solutions"}]}},"builder_content":"\n<h1>CHALLENGE<br\/><\/h1>\n<h5>iDS\u2019s client needed to prepare document binders to support a series of interviews that were scheduled to be conducted over the course of one week.<\/h5> <p>Our client was conducting an internal investigation to determine if employees negligently or knowingly made misrepresentations to regulatory authorities. As part of their investigation, our client scheduled interviews with four employees of interest.<\/p> <p><strong>iDS was tasked with:<\/strong><\/p> <ul> <li>Isolating a subset of documents within the larger dataset for targeted review<\/li> <li>Promoting only the most likely to be key documents for eyes-on-review<\/li> <li>Exporting and delivering the key documents to be included in document binders<\/li> <\/ul>\n<h1>Solution<br\/><\/h1>\n<h5>We leveraged several components of LeanReview\u2122 in order to create a seperate workflow dedicated to identifying key documents that would go into the binders and support the interview process.<\/h5> <p>The iDS Discovery Services Analytics team used LeanReview\u2122 to deploy a separate workflow that functioned in parellel with the larger review. The workflow was designed to accomplish two major goals:<\/p> <ul> <li>Limit the reviewable population through cluster analysis based on exemplar documents.<\/li> <li>Rapidly train a predictive classifier using an existing model and documents selected by a machine learning algorithm.<\/li> <\/ul>\n<h1>Result<br\/><\/h1>\n<h5>LeanReview\u2122 isolated a small subset of documents for immediate review enabling the reviewers to focus on only the most relevant content. The work occurred independent of the larger review to ensure minimal interruption to the overall workflow. <\/h5> <p>LeanReview\u2122 was able to prioritize a set of 2,225 documents for immediate review out of a corpus of over 3MM documents. Within the subset of documents promoted to eyes-on-review, over 80% of the documents were determined to be responsive to the investigation and 55% of those documents were determined to be highly relevant to the specific issues at hand. The final deliverable was a set of 110 key documents that were organized into binders and used by our client to support the employee interviews.<\/p>","_links":{"self":[{"href":"https:\/\/idsinc.com\/fr\/wp-json\/wp\/v2\/pages\/2635","targetHints":{"allow":["GET"]}}],"collection":[{"href":"https:\/\/idsinc.com\/fr\/wp-json\/wp\/v2\/pages"}],"about":[{"href":"https:\/\/idsinc.com\/fr\/wp-json\/wp\/v2\/types\/page"}],"author":[{"embeddable":true,"href":"https:\/\/idsinc.com\/fr\/wp-json\/wp\/v2\/users\/1"}],"replies":[{"embeddable":true,"href":"https:\/\/idsinc.com\/fr\/wp-json\/wp\/v2\/comments?post=2635"}],"version-history":[{"count":0,"href":"https:\/\/idsinc.com\/fr\/wp-json\/wp\/v2\/pages\/2635\/revisions"}],"up":[{"embeddable":true,"href":"https:\/\/idsinc.com\/fr\/wp-json\/wp\/v2\/pages\/33"}],"wp:featuredmedia":[{"embeddable":true,"href":"https:\/\/idsinc.com\/fr\/wp-json\/wp\/v2\/media\/2487"}],"wp:attachment":[{"href":"https:\/\/idsinc.com\/fr\/wp-json\/wp\/v2\/media?parent=2635"}],"wp:term":[{"taxonomy":"team","embeddable":true,"href":"https:\/\/idsinc.com\/fr\/wp-json\/wp\/v2\/team?post=2635"}],"curies":[{"name":"wp","href":"https:\/\/api.w.org\/{rel}","templated":true}]}}