{"id":2443,"date":"2021-12-02T09:12:06","date_gmt":"2021-12-02T15:12:06","guid":{"rendered":"https:\/\/staging2.idsinc.com\/case-studies\/employee-remote-work-assessment-copy\/"},"modified":"2024-07-08T14:16:00","modified_gmt":"2024-07-08T20:16:00","slug":"exploiter-les-donnees-structurees","status":"publish","type":"page","link":"https:\/\/idsinc.com\/fr\/case-studies\/leveraging-structured-data\/","title":{"rendered":"Tirer parti des donn\u00e9es structur\u00e9es en tant qu&#039;avantage concurrentiel conduit \u00e0 la d\u00e9certification de classe"},"content":{"rendered":"<!--themify_builder_content-->\n<div id=\"themify_builder_content-2443\" data-postid=\"2443\" class=\"themify_builder_content themify_builder_content-2443 themify_builder tf_clear\">\n                    <div  data-lazy=\"1\" class=\"module_row themify_builder_row tb_3xpd601 tb_first tf_w\">\n                        <div class=\"row_inner col_align_top tb_col_count_1 tf_box tf_rel\">\n                        <div  data-lazy=\"1\" class=\"module_column tb-column col-full tb_ik1p650 first\">\n                    <!-- module image -->\n<div  class=\"module module-image tb_2eov038 image-full-overlay   auto_fullwidth tf_mw\" data-lazy=\"1\">\n        <div class=\"image-wrap tf_rel tf_mw\">\n            <img loading=\"lazy\" decoding=\"async\" width=\"1024\" height=\"512\" src=\"https:\/\/idsinc.com\/wp-content\/uploads\/2021\/12\/iDS-CaseStudyImages-20212-1024x512.jpg\" class=\"wp-post-image wp-image-2446\" title=\"Tirer parti des donn\u00e9es structur\u00e9es en tant qu&#039;avantage concurrentiel conduit \u00e0 la d\u00e9certification de classe\" alt=\"Tirer parti des donn\u00e9es structur\u00e9es en tant qu&#039;avantage concurrentiel conduit \u00e0 la d\u00e9certification de classe\" srcset=\"https:\/\/idsinc.com\/wp-content\/uploads\/2021\/12\/iDS-CaseStudyImages-20212-1024x512.jpg 1024w, https:\/\/idsinc.com\/wp-content\/uploads\/2021\/12\/iDS-CaseStudyImages-20212-300x150.jpg 300w, https:\/\/idsinc.com\/wp-content\/uploads\/2021\/12\/iDS-CaseStudyImages-20212-768x384.jpg 768w, https:\/\/idsinc.com\/wp-content\/uploads\/2021\/12\/iDS-CaseStudyImages-20212-1536x768.jpg 1536w, https:\/\/idsinc.com\/wp-content\/uploads\/2021\/12\/iDS-CaseStudyImages-20212-2048x1024.jpg 2048w, https:\/\/idsinc.com\/wp-content\/uploads\/2021\/12\/iDS-CaseStudyImages-20212-1320x660.jpg 1320w\" sizes=\"auto, (max-width: 1024px) 100vw, 1024px\" \/>    \n        <\/div>\n    <!-- \/image-wrap -->\n    \n        <div class=\"image-content tf_overflow\">\n                    <h1 class=\"image-title\">\n                                    Tirer parti des donn\u00e9es structur\u00e9es en tant qu&#039;avantage concurrentiel conduit \u00e0 la d\u00e9certification de classe                            <\/h1>\n                    <\/div>\n    <!-- \/image-content -->\n        <\/div>\n<!-- \/module image -->        <\/div>\n                        <\/div>\n        <\/div>\n                        <div  data-lazy=\"1\" class=\"module_row themify_builder_row tb_l5or501 tf_w\">\n                        <div class=\"row_inner col_align_top tb_col_count_1 tf_box tf_rel\">\n                        <div  data-lazy=\"1\" class=\"module_column tb-column col-full tb_wrhd083 first\">\n                    <!-- module fancy heading -->\n<div  class=\"module module-fancy-heading tb_1v05263\" data-lazy=\"1\">\n        <h2 class=\"fancy-heading\">\n    <span class=\"main-head tf_block\">\n                    Faits en bref            <\/span>\n\n    \n    <span class=\"sub-head tf_block tf_rel\">\n                                <\/span>\n    <\/h2>\n<\/div>\n<!-- \/module fancy heading -->\n        <div  data-lazy=\"1\" class=\"module_subrow themify_builder_sub_row tf_w col_align_top tb_col_count_2 tb_2zjt982\">\n                <div  data-lazy=\"1\" class=\"module_column sub_column tb_sfvi983 first\">\n                    <!-- module text -->\n<div  class=\"module module-text tb_b5kq506\" data-lazy=\"1\">\n        <div  class=\"tb_text_wrap\">\n        <div class=\"page\" title=\"Page 1\">\n<div class=\"layoutArea\">\n<div class=\"column\">\n<ul>\n<li>Action collective en Californie concernant les salaires et les heures impliquant plus de 11 000 chauffeurs de camion<\/li>\n<\/ul>\n<\/div>\n<\/div>\n<\/div>    <\/div>\n<\/div>\n<!-- \/module text -->        <\/div>\n                    <div  data-lazy=\"1\" class=\"module_column sub_column tb_ch4p984 last\">\n                    <!-- module text -->\n<div  class=\"module module-text tb_reky472\" data-lazy=\"1\">\n        <div  class=\"tb_text_wrap\">\n        <div class=\"page\" title=\"Page 1\">\n<div class=\"layoutArea\">\n<div class=\"column\">\n<ul>\n<li>Collecte et analyse de plus de 13\u00a0To de donn\u00e9es et de 75\u00a0milliards d&#039;enregistrements provenant de 9\u00a0syst\u00e8mes diff\u00e9rents<\/li>\n<li>D\u00e9cision de d\u00e9certification de classe r\u00e9ussie six semaines avant le proc\u00e8s, permettant \u00e0 l&#039;entreprise d&#039;\u00e9conomiser des millions<\/li>\n<\/ul>\n<\/div>\n<\/div>\n<\/div>    <\/div>\n<\/div>\n<!-- \/module text -->        <\/div>\n                    <\/div>\n        <!-- module fancy heading -->\n<div  class=\"module module-fancy-heading tb_1fc4299\" data-lazy=\"1\">\n        <h2 class=\"fancy-heading\">\n    <span class=\"main-head tf_block\">\n                    D\u00c9FI            <\/span>\n\n    \n    <span class=\"sub-head tf_block tf_rel\">\n                                <\/span>\n    <\/h2>\n<\/div>\n<!-- \/module fancy heading -->\n<!-- module text -->\n<div  class=\"module module-text tb_6pqx409\" data-lazy=\"1\">\n        <div  class=\"tb_text_wrap\">\n        <div class=\"page\" title=\"Page 1\">\n<div class=\"layoutArea\">\n<div class=\"column\">\n<h5>Assister un client dans le cadre d&#039;un recours collectif concernant des pratiques de r\u00e9mun\u00e9ration injustes. <\/h5>\n<p>Notre client, une entreprise nationale de camionnage longue distance, faisait face \u00e0 un important recours collectif en Californie sur les salaires et les heures de travail intent\u00e9 par ses chauffeurs all\u00e9guant des pratiques de r\u00e9mun\u00e9ration injustes, notamment le manque de repas et de pauses. <\/p>\n<p><strong>iDS a \u00e9t\u00e9 charg\u00e9 de\u00a0:<\/strong><\/p>\n<ul>\n<li>Fournir des services de conseil pour \u00e9valuer la validit\u00e9 des all\u00e9gations de salaires et d&#039;heures injustes des plaignants<\/li>\n<li>R\u00e9daction d&#039;un rapport d&#039;expertise et de d\u00e9clarations de relation \u00e0 l&#039;appui de nos constatations et conclusions<\/li>\n<li>Fournir de nombreuses s\u00e9ries de productions de donn\u00e9es bas\u00e9es sur les demandes des tribunaux et des plaignants<\/li>\n<\/ul>\n<\/div>\n<\/div>\n<\/div>    <\/div>\n<\/div>\n<!-- \/module text --><!-- module fancy heading -->\n<div  class=\"module module-fancy-heading tb_137n90\" data-lazy=\"1\">\n        <h2 class=\"fancy-heading\">\n    <span class=\"main-head tf_block\">\n                    Solution            <\/span>\n\n    \n    <span class=\"sub-head tf_block tf_rel\">\n                                <\/span>\n    <\/h2>\n<\/div>\n<!-- \/module fancy heading -->\n<!-- module text -->\n<div  class=\"module module-text tb_3vdj005\" data-lazy=\"1\">\n        <div  class=\"tb_text_wrap\">\n        <div class=\"page\" title=\"Page 1\">\n<div class=\"layoutArea\">\n<div class=\"column\">\n<h5>iDS a \u00e9t\u00e9 engag\u00e9 pour r\u00e9cup\u00e9rer des donn\u00e9es pour \u00e9tayer les d\u00e9clarations d&#039;activit\u00e9s non professionnelles. <\/h5>\n<p>iDS a \u00e9t\u00e9 choisi sur la base de notre relation avec le client et de notre exp\u00e9rience approfondie dans l&#039;assistance d&#039;autres clients ayant des probl\u00e8mes similaires. Un plan de projet a \u00e9t\u00e9 \u00e9tabli pour inclure :<\/p>\n<ul>\n<li>Comprendre les r\u00e9clamations des plaignants et identifier les sources de donn\u00e9es pertinentes, y compris les ordinateurs de bord, les registres de paie, les journaux des conducteurs et les plans de r\u00e9mun\u00e9ration<\/li>\n<li>Collecte de plus de 13\u00a0To de donn\u00e9es couvrant 6\u00a0800\u00a0tables et 75\u00a0milliards d&#039;enregistrements \u00e0 partir de 9\u00a0syst\u00e8mes diff\u00e9rents<\/li>\n<li>Ing\u00e9rer ces donn\u00e9es dans la plate-forme xIOT\u00ae, permettant \u00e0 notre \u00e9quipe d&#039;analyser, d&#039;enrichir et de visualiser efficacement les mod\u00e8les de faits \u00e0 travers des sources de donn\u00e9es disparates<\/li>\n<\/ul>\n<\/div>\n<\/div>\n<\/div>    <\/div>\n<\/div>\n<!-- \/module text --><!-- module fancy heading -->\n<div  class=\"module module-fancy-heading tb_tmze645\" data-lazy=\"1\">\n        <h2 class=\"fancy-heading\">\n    <span class=\"main-head tf_block\">\n                    R\u00e9sultat            <\/span>\n\n    \n    <span class=\"sub-head tf_block tf_rel\">\n                                <\/span>\n    <\/h2>\n<\/div>\n<!-- \/module fancy heading -->\n<!-- module text -->\n<div  class=\"module module-text tb_7goe051\" data-lazy=\"1\">\n        <div  class=\"tb_text_wrap\">\n        <div class=\"page\" title=\"Page 1\">\n<div class=\"layoutArea\">\n<div class=\"column\">\n<h5>iDS a d\u00e9montr\u00e9 des variations dans les plans de r\u00e9mun\u00e9ration, conduisant \u00e0 une d\u00e9cision de d\u00e9certification de classe.<\/h5>\n<p>Notre analyse bas\u00e9e sur les donn\u00e9es a d\u00e9montr\u00e9 avec succ\u00e8s de grandes variations dans les r\u00e9gimes de r\u00e9mun\u00e9ration des membres du groupe, aboutissant finalement \u00e0 une d\u00e9cision de r\u00e9vocation du groupe six semaines seulement avant le proc\u00e8s. De plus, nous avons livr\u00e9 12 s\u00e9ries de productions de donn\u00e9es, comprenant finalement plus de 900 millions d&#039;enregistrements dans 1 500 fichiers.<\/p>\n<\/div>\n<\/div>\n<\/div>    <\/div>\n<\/div>\n<!-- \/module text -->        <\/div>\n                        <\/div>\n        <\/div>\n        <\/div>\n<!--\/themify_builder_content-->","protected":false},"excerpt":{"rendered":"<p>Facts at a Glance California wage and hour class action involving over 11,000 truck drivers Collection and analysis of over 13 TB of data and 75 billion records from 9 different systems Successful class decertification ruling six weeks before trial, saving company millions CHALLENGE Assist a client with a class action regarding unfair compensation practices. [&hellip;]<\/p>\n","protected":false},"author":1,"featured_media":2446,"parent":33,"menu_order":0,"comment_status":"closed","ping_status":"closed","template":"","meta":{"footnotes":""},"team":[],"class_list":["post-2443","page","type-page","status-publish","has-post-thumbnail","hentry","has-post-title","has-post-date","has-post-category","has-post-tag","has-post-comment","has-post-author",""],"yoast_head":"<!-- This site is optimized with the Yoast SEO Premium plugin v27.5 (Yoast SEO v27.5) - https:\/\/yoast.com\/product\/yoast-seo-premium-wordpress\/ -->\n<title>Leveraging Structured Data - iDiscovery Solutions<\/title>\n<meta name=\"description\" content=\"iDS leverages Structured Data as an advantage in Class Action regarding unfair compensation plan, resulting in Class Decertification ruling.\" \/>\n<meta name=\"robots\" content=\"index, follow, max-snippet:-1, max-image-preview:large, max-video-preview:-1\" \/>\n<link rel=\"canonical\" href=\"https:\/\/idsinc.com\/fr\/etudes-de-cas\/exploiter-les-donnees-structurees\/\" \/>\n<meta property=\"og:locale\" content=\"fr_FR\" \/>\n<meta property=\"og:type\" content=\"article\" \/>\n<meta property=\"og:title\" content=\"Leveraging Structured Data as a Competitive Advantage Leads to Class Decertification\" \/>\n<meta property=\"og:description\" content=\"iDS leverages Structured Data as an advantage in Class Action regarding unfair compensation plan, resulting in Class Decertification ruling.\" \/>\n<meta property=\"og:url\" content=\"https:\/\/idsinc.com\/fr\/etudes-de-cas\/exploiter-les-donnees-structurees\/\" \/>\n<meta property=\"og:site_name\" content=\"iDiscovery Solutions\" \/>\n<meta property=\"article:publisher\" content=\"https:\/\/www.facebook.com\/iDiscovery-Solutions-110210573904472\" \/>\n<meta property=\"article:modified_time\" content=\"2024-07-08T20:16:00+00:00\" \/>\n<meta property=\"og:image\" content=\"https:\/\/idsinc.com\/wp-content\/uploads\/2021\/12\/iDS-CaseStudyImages-20212.jpg\" \/>\n\t<meta property=\"og:image:width\" content=\"2500\" \/>\n\t<meta property=\"og:image:height\" content=\"1250\" \/>\n\t<meta property=\"og:image:type\" content=\"image\/jpeg\" \/>\n<meta name=\"twitter:card\" content=\"summary_large_image\" \/>\n<script type=\"application\/ld+json\" class=\"yoast-schema-graph\">{\"@context\":\"https:\\\/\\\/schema.org\",\"@graph\":[{\"@type\":\"WebPage\",\"@id\":\"https:\\\/\\\/idsinc.com\\\/case-studies\\\/leveraging-structured-data\\\/\",\"url\":\"https:\\\/\\\/idsinc.com\\\/case-studies\\\/leveraging-structured-data\\\/\",\"name\":\"Leveraging Structured Data - iDiscovery Solutions\",\"isPartOf\":{\"@id\":\"https:\\\/\\\/idsinc.com\\\/en_gb\\\/#website\"},\"primaryImageOfPage\":{\"@id\":\"https:\\\/\\\/idsinc.com\\\/case-studies\\\/leveraging-structured-data\\\/#primaryimage\"},\"image\":{\"@id\":\"https:\\\/\\\/idsinc.com\\\/case-studies\\\/leveraging-structured-data\\\/#primaryimage\"},\"thumbnailUrl\":\"https:\\\/\\\/idsinc.com\\\/wp-content\\\/uploads\\\/2021\\\/12\\\/iDS-CaseStudyImages-20212.jpg\",\"datePublished\":\"2021-12-02T15:12:06+00:00\",\"dateModified\":\"2024-07-08T20:16:00+00:00\",\"description\":\"iDS leverages Structured Data as an advantage in Class Action regarding unfair compensation plan, resulting in Class Decertification ruling.\",\"breadcrumb\":{\"@id\":\"https:\\\/\\\/idsinc.com\\\/case-studies\\\/leveraging-structured-data\\\/#breadcrumb\"},\"inLanguage\":\"fr-FR\",\"potentialAction\":[{\"@type\":\"ReadAction\",\"target\":[\"https:\\\/\\\/idsinc.com\\\/case-studies\\\/leveraging-structured-data\\\/\"]}]},{\"@type\":\"ImageObject\",\"inLanguage\":\"fr-FR\",\"@id\":\"https:\\\/\\\/idsinc.com\\\/case-studies\\\/leveraging-structured-data\\\/#primaryimage\",\"url\":\"https:\\\/\\\/idsinc.com\\\/wp-content\\\/uploads\\\/2021\\\/12\\\/iDS-CaseStudyImages-20212.jpg\",\"contentUrl\":\"https:\\\/\\\/idsinc.com\\\/wp-content\\\/uploads\\\/2021\\\/12\\\/iDS-CaseStudyImages-20212.jpg\",\"width\":2500,\"height\":1250,\"caption\":\"iDS, leveraging Structured Data, Structured Data, Class Action, unfair compensation plan, compensation plan, compensation practices, Class Decertification\"},{\"@type\":\"BreadcrumbList\",\"@id\":\"https:\\\/\\\/idsinc.com\\\/case-studies\\\/leveraging-structured-data\\\/#breadcrumb\",\"itemListElement\":[{\"@type\":\"ListItem\",\"position\":1,\"name\":\"Home\",\"item\":\"https:\\\/\\\/idsinc.com\\\/\"},{\"@type\":\"ListItem\",\"position\":2,\"name\":\"Case Studies\",\"item\":\"https:\\\/\\\/idsinc.com\\\/case-studies\\\/\"},{\"@type\":\"ListItem\",\"position\":3,\"name\":\"Leveraging Structured Data as a Competitive Advantage Leads to Class Decertification\"}]},{\"@type\":\"WebSite\",\"@id\":\"https:\\\/\\\/idsinc.com\\\/en_gb\\\/#website\",\"url\":\"https:\\\/\\\/idsinc.com\\\/en_gb\\\/\",\"name\":\"iDiscovery Solutions\",\"description\":\"Use data to your advantage in the courtroom\",\"publisher\":{\"@id\":\"https:\\\/\\\/idsinc.com\\\/en_gb\\\/#organization\"},\"alternateName\":\"iDS\",\"potentialAction\":[{\"@type\":\"SearchAction\",\"target\":{\"@type\":\"EntryPoint\",\"urlTemplate\":\"https:\\\/\\\/idsinc.com\\\/en_gb\\\/?s={search_term_string}\"},\"query-input\":{\"@type\":\"PropertyValueSpecification\",\"valueRequired\":true,\"valueName\":\"search_term_string\"}}],\"inLanguage\":\"fr-FR\"},{\"@type\":\"Organization\",\"@id\":\"https:\\\/\\\/idsinc.com\\\/en_gb\\\/#organization\",\"name\":\"iDiscovery Solutions\",\"alternateName\":\"iDS\",\"url\":\"https:\\\/\\\/idsinc.com\\\/en_gb\\\/\",\"logo\":{\"@type\":\"ImageObject\",\"inLanguage\":\"fr-FR\",\"@id\":\"https:\\\/\\\/idsinc.com\\\/en_gb\\\/#\\\/schema\\\/logo\\\/image\\\/\",\"url\":\"https:\\\/\\\/idsinc.com\\\/wp-content\\\/uploads\\\/2021\\\/01\\\/iDS-Logo-3c-e1611176096212.png\",\"contentUrl\":\"https:\\\/\\\/idsinc.com\\\/wp-content\\\/uploads\\\/2021\\\/01\\\/iDS-Logo-3c-e1611176096212.png\",\"width\":100,\"height\":73,\"caption\":\"iDiscovery Solutions\"},\"image\":{\"@id\":\"https:\\\/\\\/idsinc.com\\\/en_gb\\\/#\\\/schema\\\/logo\\\/image\\\/\"},\"sameAs\":[\"https:\\\/\\\/www.facebook.com\\\/iDiscovery-Solutions-110210573904472\",\"https:\\\/\\\/www.linkedin.com\\\/company\\\/idsinc\",\"https:\\\/\\\/www.youtube.com\\\/channel\\\/UCarv7o1MeYfCp0eZ1IrufIw\"],\"description\":\"iDS provides consultative data solutions to corporations and law firms around the world, giving them a decisive advantage \u2013 both in and out of the courtroom. iDS\u2019s subject matter experts and data strategists specialize in finding solutions to complex data problems, ensuring data can be leveraged as an asset, not a liability.\",\"email\":\"info@idsinc.com\",\"telephone\":\"+1.800.813.4832\",\"legalName\":\"iDiscovery Solutions\"}]}<\/script>\n<!-- \/ Yoast SEO Premium plugin. -->","yoast_head_json":{"title":"Tirer parti des donn\u00e9es structur\u00e9es - iDiscovery Solutions","description":"iDS exploite les donn\u00e9es structur\u00e9es comme un avantage dans le cadre d&#039;un recours collectif concernant un plan de compensation injuste, ce qui entra\u00eene une d\u00e9cision de d\u00e9certification du groupe.","robots":{"index":"index","follow":"follow","max-snippet":"max-snippet:-1","max-image-preview":"max-image-preview:large","max-video-preview":"max-video-preview:-1"},"canonical":"https:\/\/idsinc.com\/fr\/etudes-de-cas\/exploiter-les-donnees-structurees\/","og_locale":"fr_FR","og_type":"article","og_title":"Leveraging Structured Data as a Competitive Advantage Leads to Class Decertification","og_description":"iDS leverages Structured Data as an advantage in Class Action regarding unfair compensation plan, resulting in Class Decertification ruling.","og_url":"https:\/\/idsinc.com\/fr\/etudes-de-cas\/exploiter-les-donnees-structurees\/","og_site_name":"iDiscovery Solutions","article_publisher":"https:\/\/www.facebook.com\/iDiscovery-Solutions-110210573904472","article_modified_time":"2024-07-08T20:16:00+00:00","og_image":[{"width":2500,"height":1250,"url":"https:\/\/idsinc.com\/wp-content\/uploads\/2021\/12\/iDS-CaseStudyImages-20212.jpg","type":"image\/jpeg"}],"twitter_card":"summary_large_image","schema":{"@context":"https:\/\/schema.org","@graph":[{"@type":"WebPage","@id":"https:\/\/idsinc.com\/case-studies\/leveraging-structured-data\/","url":"https:\/\/idsinc.com\/case-studies\/leveraging-structured-data\/","name":"Tirer parti des donn\u00e9es structur\u00e9es - iDiscovery Solutions","isPartOf":{"@id":"https:\/\/idsinc.com\/en_gb\/#website"},"primaryImageOfPage":{"@id":"https:\/\/idsinc.com\/case-studies\/leveraging-structured-data\/#primaryimage"},"image":{"@id":"https:\/\/idsinc.com\/case-studies\/leveraging-structured-data\/#primaryimage"},"thumbnailUrl":"https:\/\/idsinc.com\/wp-content\/uploads\/2021\/12\/iDS-CaseStudyImages-20212.jpg","datePublished":"2021-12-02T15:12:06+00:00","dateModified":"2024-07-08T20:16:00+00:00","description":"iDS exploite les donn\u00e9es structur\u00e9es comme un avantage dans le cadre d&#039;un recours collectif concernant un plan de compensation injuste, ce qui entra\u00eene une d\u00e9cision de d\u00e9certification du groupe.","breadcrumb":{"@id":"https:\/\/idsinc.com\/case-studies\/leveraging-structured-data\/#breadcrumb"},"inLanguage":"fr-FR","potentialAction":[{"@type":"ReadAction","target":["https:\/\/idsinc.com\/case-studies\/leveraging-structured-data\/"]}]},{"@type":"ImageObject","inLanguage":"fr-FR","@id":"https:\/\/idsinc.com\/case-studies\/leveraging-structured-data\/#primaryimage","url":"https:\/\/idsinc.com\/wp-content\/uploads\/2021\/12\/iDS-CaseStudyImages-20212.jpg","contentUrl":"https:\/\/idsinc.com\/wp-content\/uploads\/2021\/12\/iDS-CaseStudyImages-20212.jpg","width":2500,"height":1250,"caption":"iDS, leveraging Structured Data, Structured Data, Class Action, unfair compensation plan, compensation plan, compensation practices, Class Decertification"},{"@type":"BreadcrumbList","@id":"https:\/\/idsinc.com\/case-studies\/leveraging-structured-data\/#breadcrumb","itemListElement":[{"@type":"ListItem","position":1,"name":"Home","item":"https:\/\/idsinc.com\/"},{"@type":"ListItem","position":2,"name":"Case Studies","item":"https:\/\/idsinc.com\/case-studies\/"},{"@type":"ListItem","position":3,"name":"Leveraging Structured Data as a Competitive Advantage Leads to Class Decertification"}]},{"@type":"WebSite","@id":"https:\/\/idsinc.com\/en_gb\/#website","url":"https:\/\/idsinc.com\/en_gb\/","name":"Solutions d&#039;iD\u00e9couverte","description":"Utilisez les donn\u00e9es \u00e0 votre avantage dans la salle d\u2019audience","publisher":{"@id":"https:\/\/idsinc.com\/en_gb\/#organization"},"alternateName":"iDS","potentialAction":[{"@type":"SearchAction","target":{"@type":"EntryPoint","urlTemplate":"https:\/\/idsinc.com\/en_gb\/?s={search_term_string}"},"query-input":{"@type":"PropertyValueSpecification","valueRequired":true,"valueName":"search_term_string"}}],"inLanguage":"fr-FR"},{"@type":"Organization","@id":"https:\/\/idsinc.com\/en_gb\/#organization","name":"Solutions d&#039;iD\u00e9couverte","alternateName":"iDS","url":"https:\/\/idsinc.com\/en_gb\/","logo":{"@type":"ImageObject","inLanguage":"fr-FR","@id":"https:\/\/idsinc.com\/en_gb\/#\/schema\/logo\/image\/","url":"https:\/\/idsinc.com\/wp-content\/uploads\/2021\/01\/iDS-Logo-3c-e1611176096212.png","contentUrl":"https:\/\/idsinc.com\/wp-content\/uploads\/2021\/01\/iDS-Logo-3c-e1611176096212.png","width":100,"height":73,"caption":"iDiscovery Solutions"},"image":{"@id":"https:\/\/idsinc.com\/en_gb\/#\/schema\/logo\/image\/"},"sameAs":["https:\/\/www.facebook.com\/iDiscovery-Solutions-110210573904472","https:\/\/www.linkedin.com\/company\/idsinc","https:\/\/www.youtube.com\/channel\/UCarv7o1MeYfCp0eZ1IrufIw"],"description":"iDS fournit des solutions de donn\u00e9es consultatives aux entreprises et aux cabinets d&#039;avocats du monde entier, leur donnant un avantage d\u00e9cisif, tant \u00e0 l&#039;int\u00e9rieur qu&#039;\u00e0 l&#039;ext\u00e9rieur de la salle d&#039;audience. Les experts en la mati\u00e8re et les strat\u00e8ges en donn\u00e9es d&#039;iDS se sp\u00e9cialisent dans la recherche de solutions \u00e0 des probl\u00e8mes de donn\u00e9es complexes, garantissant que les donn\u00e9es peuvent \u00eatre exploit\u00e9es comme un atout et non comme un passif.","email":"info@idsinc.com","telephone":"+1.800.813.4832","legalName":"iDiscovery Solutions"}]}},"builder_content":"<img src=\"https:\/\/idsinc.com\/wp-content\/uploads\/2021\/12\/iDS-CaseStudyImages-20212-1024x512.jpg\" title=\"Leveraging Structured Data as a Competitive Advantage Leads to Class Decertification\" alt=\"Leveraging Structured Data as a Competitive Advantage Leads to Class Decertification\" srcset=\"https:\/\/idsinc.com\/wp-content\/uploads\/2021\/12\/iDS-CaseStudyImages-20212-1024x512.jpg 1024w, https:\/\/idsinc.com\/wp-content\/uploads\/2021\/12\/iDS-CaseStudyImages-20212-300x150.jpg 300w, https:\/\/idsinc.com\/wp-content\/uploads\/2021\/12\/iDS-CaseStudyImages-20212-768x384.jpg 768w, https:\/\/idsinc.com\/wp-content\/uploads\/2021\/12\/iDS-CaseStudyImages-20212-1536x768.jpg 1536w, https:\/\/idsinc.com\/wp-content\/uploads\/2021\/12\/iDS-CaseStudyImages-20212-2048x1024.jpg 2048w, https:\/\/idsinc.com\/wp-content\/uploads\/2021\/12\/iDS-CaseStudyImages-20212-1320x660.jpg 1320w\" sizes=\"(max-width: 1024px) 100vw, 1024px\" \/> <h1> Leveraging Structured Data as a Competitive Advantage Leads to Class Decertification <\/h1>\n<h2>Facts at a Glance<br\/><\/h2>\n<ul> <li>California wage and hour class action involving over 11,000 truck drivers<\/li> <\/ul>\n<ul> <li>Collection and analysis of over 13 TB of data and 75 billion records from 9 different systems<\/li> <li>Successful class decertification ruling six weeks before trial, saving company millions<\/li> <\/ul>\n<h2>CHALLENGE<br\/><\/h2>\n<h5>Assist a client with a class action regarding unfair compensation practices. <\/h5> <p>Our client, a national long-hauling trucking company, was facing a major California wage and hour class action brought forth by its drivers alleging unfair compensation practices including lack of meal and rest breaks. <\/p> <p><strong>iDS was tasked with:<\/strong><\/p> <ul> <li>Providing consulting services to assess the validity of plaintiffs\u2019 unfair wage and hour allegations<\/li> <li>Drafting an expert report and relation declarations in support of our findings and conclusions<\/li> <li>Delivering numerous rounds of data productions based on court and plaintiff requests<\/li> <\/ul>\n<h2>Solution<br\/><\/h2>\n<h5>iDS was engaged to retrieve data to back up claims of non-work activity. <\/h5> <p>iDS was chosen based on our relationship with the client and our deep experience in assisting other clients with similar issues. A project plan was drawn up to include:<\/p> <ul> <li>Understanding plaintiffs\u2019 claims and identifying the relevant data sources, including onboard computers, payroll records, driver logs, and compensation plans<\/li> <li>Collecting over 13 TB of data spanning 6,800 tables and 75 billion records from 9 different systems<\/li> <li>Ingesting this data into the xIOT\u00ae platform, allowing our team to efficiently analyze, enrich, and visualize fact patterns across disparate data sources<\/li> <\/ul>\n<h2>Result<br\/><\/h2>\n<h5>iDS demonstrated variations in compensation plans, leading to a class decertification ruling.<\/h5> <p>Our data driven analysis successfully demonstrated wide variations in class members compensation plans, ultimately leading to a class decertification ruling just six weeks before trial. In addition, we delivered 12 rounds of data productions, ultimately comprising over 900 million records across 1,500 files.<\/p>","_links":{"self":[{"href":"https:\/\/idsinc.com\/fr\/wp-json\/wp\/v2\/pages\/2443","targetHints":{"allow":["GET"]}}],"collection":[{"href":"https:\/\/idsinc.com\/fr\/wp-json\/wp\/v2\/pages"}],"about":[{"href":"https:\/\/idsinc.com\/fr\/wp-json\/wp\/v2\/types\/page"}],"author":[{"embeddable":true,"href":"https:\/\/idsinc.com\/fr\/wp-json\/wp\/v2\/users\/1"}],"replies":[{"embeddable":true,"href":"https:\/\/idsinc.com\/fr\/wp-json\/wp\/v2\/comments?post=2443"}],"version-history":[{"count":0,"href":"https:\/\/idsinc.com\/fr\/wp-json\/wp\/v2\/pages\/2443\/revisions"}],"up":[{"embeddable":true,"href":"https:\/\/idsinc.com\/fr\/wp-json\/wp\/v2\/pages\/33"}],"wp:featuredmedia":[{"embeddable":true,"href":"https:\/\/idsinc.com\/fr\/wp-json\/wp\/v2\/media\/2446"}],"wp:attachment":[{"href":"https:\/\/idsinc.com\/fr\/wp-json\/wp\/v2\/media?parent=2443"}],"wp:term":[{"taxonomy":"team","embeddable":true,"href":"https:\/\/idsinc.com\/fr\/wp-json\/wp\/v2\/team?post=2443"}],"curies":[{"name":"wp","href":"https:\/\/api.w.org\/{rel}","templated":true}]}}