{"id":9270,"date":"2026-02-11T09:08:34","date_gmt":"2026-02-11T15:08:34","guid":{"rendered":"https:\/\/idsinc.com\/?page_id=9270"},"modified":"2026-02-11T09:27:35","modified_gmt":"2026-02-11T15:27:35","slug":"julian-ackert","status":"publish","type":"page","link":"https:\/\/idsinc.com\/es\/julian-ackert\/","title":{"rendered":"julian ackert"},"content":{"rendered":"<!--themify_builder_content-->\n<div id=\"themify_builder_content-9270\" data-postid=\"9270\" class=\"themify_builder_content themify_builder_content-9270 themify_builder tf_clear\">\n                    <div  data-lazy=\"1\" class=\"module_row themify_builder_row tb_1fx1790 tb_first tf_w\">\n                        <div class=\"row_inner col_align_middle gutter-none tb_col_count_2 tf_box tf_rel\">\n                        <div  data-lazy=\"1\" class=\"module_column tb-column col4-2 tb_dkgm990 first\">\n                    <!-- module image -->\n<div  class=\"module module-image tb_2f0v909 image-top circle  tf_mw\" data-lazy=\"1\">\n        <div class=\"image-wrap tf_rel tf_mw\">\n            <img loading=\"lazy\" decoding=\"async\" width=\"400\" height=\"400\" src=\"https:\/\/idsinc.com\/wp-content\/uploads\/2026\/02\/julian-ackert-e1770822468969.webp\" class=\"wp-post-image wp-image-9276\" title=\"Julian Ackert - Director General Senior de iDiscovery\" alt=\"Julian Ackert, director general de iDiscovery, director general, recopilaci\u00f3n de datos forenses, an\u00e1lisis forense inform\u00e1tico, preservaci\u00f3n, estrategias de recopilaci\u00f3n\" srcset=\"https:\/\/idsinc.com\/wp-content\/uploads\/2026\/02\/julian-ackert-e1770822468969.webp 400w, https:\/\/idsinc.com\/wp-content\/uploads\/2026\/02\/julian-ackert-e1770822468969-300x300.webp 300w, https:\/\/idsinc.com\/wp-content\/uploads\/2026\/02\/julian-ackert-e1770822468969-150x150.webp 150w, https:\/\/idsinc.com\/wp-content\/uploads\/2026\/02\/julian-ackert-e1770822468969-12x12.webp 12w\" sizes=\"auto, (max-width: 400px) 100vw, 400px\" \/>    \n        <\/div>\n    <!-- \/image-wrap -->\n    \n        <\/div>\n<!-- \/module image -->        <\/div>\n                    <div  data-lazy=\"1\" class=\"module_column tb-column col4-2 tb_d8wt077 last\">\n                    <!-- module fancy heading -->\n<div  class=\"module module-fancy-heading tb_r5dz072  inline-fancy-heading\" data-lazy=\"1\">\n        <h1 class=\"fancy-heading\">\n    <span class=\"main-head tf_inline_b\">\n                    julian ackert            <\/span>\n\n    \n    <span class=\"sub-head tf_inline_b tf_rel\">\n                    Director General Senior            <\/span>\n    <\/h1>\n<\/div>\n<!-- \/module fancy heading -->\n        <\/div>\n                        <\/div>\n        <\/div>\n                        <div  data-lazy=\"1\" class=\"module_row themify_builder_row tb_ifh8040 tf_w\">\n                        <div class=\"row_inner col_align_top tb_col_count_2 tf_box tf_rel\">\n                        <div  data-lazy=\"1\" class=\"module_column tb-column col4-2 tb_b97d997 first\">\n                    <!-- module text -->\n<div  class=\"module module-text tb_mddg777\" data-lazy=\"1\">\n        <div  class=\"tb_text_wrap\">\n        <p>El Sr. Julian Ackert, director general s\u00e9nior de iDiscovery Solutions (iDS) en Washington DC, tiene m\u00e1s de 20 a\u00f1os de experiencia en consultor\u00eda y gesti\u00f3n de proyectos en las industrias de tecnolog\u00eda y litigios.<\/p>\n<p>Tiene una amplia experiencia en la recopilaci\u00f3n de datos forenses, el an\u00e1lisis forense inform\u00e1tico, la creaci\u00f3n e implementaci\u00f3n de estrategias de conservaci\u00f3n y recopilaci\u00f3n, la gesti\u00f3n del procesamiento electr\u00f3nico de datos y los esfuerzos de revisi\u00f3n, el an\u00e1lisis de sistemas complejos de datos transaccionales y el trabajo con grandes corporaciones multinacionales para establecer y desarrollar metodolog\u00edas y mejores pr\u00e1cticas para la preparaci\u00f3n de litigios. El Sr. Ackert ha escrito informes de expertos y ha brindado testimonio sobre la preservaci\u00f3n, adquisici\u00f3n y an\u00e1lisis forense de informaci\u00f3n electr\u00f3nica. Adem\u00e1s, ha trabajado en varios proyectos internacionales que involucran desaf\u00edos complejos de privacidad, recopilaci\u00f3n y revisi\u00f3n de datos.<\/p>    <\/div>\n<\/div>\n<!-- \/module text -->        <\/div>\n                    <div  data-lazy=\"1\" class=\"module_column tb-column col4-2 tb_y1ol029 last\">\n                    <!-- module image -->\n<div  class=\"module module-image tb_w8ad972 image-card-layout   tf_mw\" data-lazy=\"1\">\n        <div class=\"image-wrap tf_rel tf_mw\">\n            <a href=\"https:\/\/idsinc.com\/es\/ids-habla-sobre-como-superar-los-desafios-de-datos-en-un-litigio-de-alto-riesgo-con-julian-ackert\/\" rel=\"noopener\" target=\"_blank\">\n                   <img loading=\"lazy\" decoding=\"async\" width=\"1280\" height=\"720\" src=\"https:\/\/idsinc.com\/wp-content\/uploads\/2024\/07\/iDS-talks-art-4.1.jpg\" class=\"wp-post-image wp-image-6791\" title=\"Ver el podcast completo\" alt=\"Ver el podcast completo\" srcset=\"https:\/\/idsinc.com\/wp-content\/uploads\/2024\/07\/iDS-talks-art-4.1.jpg 1280w, https:\/\/idsinc.com\/wp-content\/uploads\/2024\/07\/iDS-talks-art-4.1-300x169.jpg 300w, https:\/\/idsinc.com\/wp-content\/uploads\/2024\/07\/iDS-talks-art-4.1-1024x576.jpg 1024w, https:\/\/idsinc.com\/wp-content\/uploads\/2024\/07\/iDS-talks-art-4.1-768x432.jpg 768w, https:\/\/idsinc.com\/wp-content\/uploads\/2024\/07\/iDS-talks-art-4.1-18x10.jpg 18w\" sizes=\"auto, (max-width: 1280px) 100vw, 1280px\" \/>        <\/a>\n    \n        <\/div>\n    <!-- \/image-wrap -->\n    \n        <div class=\"image-content\">\n                    <h3 class=\"image-title\">\n                                    <a href=\"https:\/\/idsinc.com\/es\/ids-habla-sobre-como-superar-los-desafios-de-datos-en-un-litigio-de-alto-riesgo-con-julian-ackert\/\" rel=\"noopener\" target=\"_blank\">\n                        Ver el podcast completo                    <\/a>\n                            <\/h3>\n                    <\/div>\n    <!-- \/image-content -->\n        <\/div>\n<!-- \/module image --><!-- module text -->\n<div  class=\"module module-text tb_7flg080\" data-lazy=\"1\">\n        <div  class=\"tb_text_wrap\">\n        <p style=\"text-align: center;\"><span style=\"color: #ee5d20;\"><a class=\"ptb_link_button\" href=\"tel:(202)249-7865\" target=\"_blank\" rel=\"noopener noreferrer\">202.249.7865 <\/a>\u00a0 |<\/span>\u00a0 <a class=\"ptb_link_button\" href=\"mailto:jackert@idsinc.com\" target=\"_blank\" rel=\"noopener noreferrer\">jackert@idsinc.com <\/a>\u00a0 <span style=\"color: #ee5d20;\">|\u00a0<\/span> <a class=\"ptb_extra_icon_link\" href=\"https:\/\/www.linkedin.com\/in\/julianackert\/\"><span class=\"ptb_extra_icon_label\">LinkedIn<\/span><\/a><span class=\"ptb_extra_icon_label\"> \u00a0<\/span><span style=\"color: #ee5d20;\">|<\/span>\u00a0 <a class=\"ptb_link_button\" href=\"https:\/\/idsinc.com\/wp-content\/uploads\/2026\/01\/iDS-DH-CV-JulianAckert-2026.pdf\" target=\"_blank\" rel=\"noopener noreferrer\">CV <\/a><\/p>    <\/div>\n<\/div>\n<!-- \/module text -->        <\/div>\n                        <\/div>\n        <\/div>\n                        <div  data-lazy=\"1\" class=\"module_row themify_builder_row tb_dfzo673 tf_w\">\n                        <div class=\"row_inner col_align_top tb_col_count_1 tf_box tf_rel\">\n                        <div  data-lazy=\"1\" class=\"module_column tb-column col-full tb_36me673 first\">\n                    <!-- module text -->\n<div  class=\"module module-text tb_h7je778\" data-lazy=\"1\">\n        <div  class=\"tb_text_wrap\">\n        <p>El Sr. Ackert es miembro de la Conferencia de Sedona, Grupo de trabajo 11 (Biblioteca de privacidad y seguridad de datos) y Grupo de trabajo 12 (Secretos comerciales). Antes de unirse a iDS, fue Director y l\u00edder regional de Nueva York en LECG y Gerente en FTI Consulting. El Sr. Ackert comenz\u00f3 su carrera en Accenture dise\u00f1ando, desarrollando e implementando aplicaciones de Gesti\u00f3n del conocimiento\/Gesti\u00f3n de contenido, soluciones de middleware para el gobierno y aplicaciones de comercio electr\u00f3nico para los servicios del gobierno federal.<\/p>    <\/div>\n<\/div>\n<!-- \/module text -->        <\/div>\n                        <\/div>\n        <\/div>\n                        <div  data-anchor=\"contact\" data-hide-anchor=\"1\" data-lazy=\"1\" class=\"module_row themify_builder_row tb_has_section tb_section-contact tb_5cxg998 tf_w\">\n            <span  class=\"builder_row_cover tf_abs\" data-lazy=\"1\"><\/span>            <div class=\"row_inner col_align_top tb_col_count_1 tf_box tf_rel\">\n                        <div  data-lazy=\"1\" class=\"module_column tb-column col-full tb_cd3y200 first\">\n                    <!-- module text -->\n<div  class=\"module module-text tb_9cwq903\" data-lazy=\"1\">\n        <div  class=\"tb_text_wrap\">\n        <h6><span id=\"page247R_mcid20\"><\/span><span class=\"markedContent\"><span dir=\"ltr\" role=\"presentation\">Para obtener m\u00e1s informaci\u00f3n sobre Bobby o programar una charla con \u00e9l en su evento, comun\u00edquese con \u00e9l en <a class=\"ptb_link_button\" href=\"tel:(202)249-7865\" target=\"_blank\" rel=\"noopener noreferrer\">202.249.7865 <\/a><\/span><\/span>, <a class=\"ptb_link_button\" href=\"mailto:jackert@idsinc.com\" target=\"_blank\" rel=\"noopener noreferrer\">jackert@idsinc.com <\/a><a class=\"ptb_link_button\" href=\"mailto:bwilliams@idsinc.com\" target=\"_blank\" rel=\"noopener noreferrer\">\u00a0<\/a>en su <a class=\"ptb_extra_icon_link\" href=\"https:\/\/www.linkedin.com\/in\/julianackert\/\"><span class=\"ptb_extra_icon_label\">LinkedIn<\/span><\/a> o descargar su\u00a0<a class=\"ptb_link_button\" href=\"https:\/\/idsinc.com\/wp-content\/uploads\/2026\/01\/iDS-DH-CV-JulianAckert-2026.pdf\" target=\"_blank\" rel=\"noopener noreferrer\">Curr\u00edculum vitae.<\/a><\/h6>    <\/div>\n<\/div>\n<!-- \/module text -->        <\/div>\n                        <\/div>\n        <\/div>\n        <\/div>\n<!--\/themify_builder_content-->","protected":false},"excerpt":{"rendered":"<p>Mr. Julian Ackert, a Senior Managing Director at iDiscovery Solutions (iDS) in Washington DC, has over 20 years of consulting and project management experience in the technology and litigation industries. He has extensive experience with forensic data collection, computer forensic analysis, creating and implementing preservation and collection strategies, managing electronic data processing and review endeavors, [&hellip;]<\/p>\n","protected":false},"author":7,"featured_media":9276,"parent":0,"menu_order":0,"comment_status":"closed","ping_status":"closed","template":"","meta":{"footnotes":""},"team":[],"class_list":["post-9270","page","type-page","status-publish","has-post-thumbnail","hentry","has-post-title","has-post-date","has-post-category","has-post-tag","has-post-comment","has-post-author",""],"yoast_head":"<!-- This site is optimized with the Yoast SEO Premium plugin v27.5 (Yoast SEO v27.5) - https:\/\/yoast.com\/product\/yoast-seo-premium-wordpress\/ -->\n<title>Julian Ackert - iDiscovery Solutions<\/title>\n<meta name=\"description\" content=\"Julian Ackert, iDS Senior Managing Director, has 20 years consulting &amp; project management experience in technology &amp; litigation industries.\" \/>\n<meta name=\"robots\" content=\"index, follow, max-snippet:-1, max-image-preview:large, max-video-preview:-1\" \/>\n<link rel=\"canonical\" href=\"https:\/\/idsinc.com\/es\/julian-ackert\/\" \/>\n<meta property=\"og:locale\" content=\"es_ES\" \/>\n<meta property=\"og:type\" content=\"article\" \/>\n<meta property=\"og:title\" content=\"Julian Ackert\" \/>\n<meta property=\"og:description\" content=\"Julian Ackert, iDS Senior Managing Director, has 20 years consulting &amp; project management experience in technology &amp; litigation industries.\" \/>\n<meta property=\"og:url\" content=\"https:\/\/idsinc.com\/es\/julian-ackert\/\" \/>\n<meta property=\"og:site_name\" content=\"iDiscovery Solutions\" \/>\n<meta property=\"article:publisher\" content=\"https:\/\/www.facebook.com\/iDiscovery-Solutions-110210573904472\" \/>\n<meta property=\"article:modified_time\" content=\"2026-02-11T15:27:35+00:00\" \/>\n<meta property=\"og:image\" content=\"https:\/\/idsinc.com\/wp-content\/uploads\/2026\/02\/julian-ackert-e1770822468969.webp\" \/>\n\t<meta property=\"og:image:width\" content=\"400\" \/>\n\t<meta property=\"og:image:height\" content=\"400\" \/>\n\t<meta property=\"og:image:type\" content=\"image\/webp\" \/>\n<meta name=\"twitter:card\" content=\"summary_large_image\" \/>\n<meta name=\"twitter:label1\" content=\"Tiempo de lectura\" \/>\n\t<meta name=\"twitter:data1\" content=\"3 minutos\" \/>\n<script type=\"application\/ld+json\" class=\"yoast-schema-graph\">{\"@context\":\"https:\\\/\\\/schema.org\",\"@graph\":[{\"@type\":\"WebPage\",\"@id\":\"https:\\\/\\\/idsinc.com\\\/julian-ackert\\\/\",\"url\":\"https:\\\/\\\/idsinc.com\\\/julian-ackert\\\/\",\"name\":\"Julian Ackert - iDiscovery Solutions\",\"isPartOf\":{\"@id\":\"https:\\\/\\\/idsinc.com\\\/en_gb\\\/#website\"},\"primaryImageOfPage\":{\"@id\":\"https:\\\/\\\/idsinc.com\\\/julian-ackert\\\/#primaryimage\"},\"image\":{\"@id\":\"https:\\\/\\\/idsinc.com\\\/julian-ackert\\\/#primaryimage\"},\"thumbnailUrl\":\"https:\\\/\\\/idsinc.com\\\/wp-content\\\/uploads\\\/2026\\\/02\\\/julian-ackert-e1770822468969.webp\",\"datePublished\":\"2026-02-11T15:08:34+00:00\",\"dateModified\":\"2026-02-11T15:27:35+00:00\",\"description\":\"Julian Ackert, iDS Senior Managing Director, has 20 years consulting & project management experience in technology & litigation industries.\",\"breadcrumb\":{\"@id\":\"https:\\\/\\\/idsinc.com\\\/julian-ackert\\\/#breadcrumb\"},\"inLanguage\":\"es\",\"potentialAction\":[{\"@type\":\"ReadAction\",\"target\":[\"https:\\\/\\\/idsinc.com\\\/julian-ackert\\\/\"]}]},{\"@type\":\"ImageObject\",\"inLanguage\":\"es\",\"@id\":\"https:\\\/\\\/idsinc.com\\\/julian-ackert\\\/#primaryimage\",\"url\":\"https:\\\/\\\/idsinc.com\\\/wp-content\\\/uploads\\\/2026\\\/02\\\/julian-ackert-e1770822468969.webp\",\"contentUrl\":\"https:\\\/\\\/idsinc.com\\\/wp-content\\\/uploads\\\/2026\\\/02\\\/julian-ackert-e1770822468969.webp\",\"width\":400,\"height\":400,\"caption\":\"Julian Ackert, Senior Managing Director, works in forensic data collection, computer forensic analysis, preservation & collection strategies.\"},{\"@type\":\"BreadcrumbList\",\"@id\":\"https:\\\/\\\/idsinc.com\\\/julian-ackert\\\/#breadcrumb\",\"itemListElement\":[{\"@type\":\"ListItem\",\"position\":1,\"name\":\"Home\",\"item\":\"https:\\\/\\\/idsinc.com\\\/\"},{\"@type\":\"ListItem\",\"position\":2,\"name\":\"Julian Ackert\"}]},{\"@type\":\"WebSite\",\"@id\":\"https:\\\/\\\/idsinc.com\\\/en_gb\\\/#website\",\"url\":\"https:\\\/\\\/idsinc.com\\\/en_gb\\\/\",\"name\":\"iDiscovery Solutions\",\"description\":\"Use data to your advantage in the courtroom\",\"publisher\":{\"@id\":\"https:\\\/\\\/idsinc.com\\\/en_gb\\\/#organization\"},\"alternateName\":\"iDS\",\"potentialAction\":[{\"@type\":\"SearchAction\",\"target\":{\"@type\":\"EntryPoint\",\"urlTemplate\":\"https:\\\/\\\/idsinc.com\\\/en_gb\\\/?s={search_term_string}\"},\"query-input\":{\"@type\":\"PropertyValueSpecification\",\"valueRequired\":true,\"valueName\":\"search_term_string\"}}],\"inLanguage\":\"es\"},{\"@type\":\"Organization\",\"@id\":\"https:\\\/\\\/idsinc.com\\\/en_gb\\\/#organization\",\"name\":\"iDiscovery Solutions\",\"alternateName\":\"iDS\",\"url\":\"https:\\\/\\\/idsinc.com\\\/en_gb\\\/\",\"logo\":{\"@type\":\"ImageObject\",\"inLanguage\":\"es\",\"@id\":\"https:\\\/\\\/idsinc.com\\\/en_gb\\\/#\\\/schema\\\/logo\\\/image\\\/\",\"url\":\"https:\\\/\\\/idsinc.com\\\/wp-content\\\/uploads\\\/2021\\\/01\\\/iDS-Logo-3c-e1611176096212.png\",\"contentUrl\":\"https:\\\/\\\/idsinc.com\\\/wp-content\\\/uploads\\\/2021\\\/01\\\/iDS-Logo-3c-e1611176096212.png\",\"width\":100,\"height\":73,\"caption\":\"iDiscovery Solutions\"},\"image\":{\"@id\":\"https:\\\/\\\/idsinc.com\\\/en_gb\\\/#\\\/schema\\\/logo\\\/image\\\/\"},\"sameAs\":[\"https:\\\/\\\/www.facebook.com\\\/iDiscovery-Solutions-110210573904472\",\"https:\\\/\\\/www.linkedin.com\\\/company\\\/idsinc\",\"https:\\\/\\\/www.youtube.com\\\/channel\\\/UCarv7o1MeYfCp0eZ1IrufIw\"],\"description\":\"iDS provides consultative data solutions to corporations and law firms around the world, giving them a decisive advantage \u2013 both in and out of the courtroom. iDS\u2019s subject matter experts and data strategists specialize in finding solutions to complex data problems, ensuring data can be leveraged as an asset, not a liability.\",\"email\":\"info@idsinc.com\",\"telephone\":\"+1.800.813.4832\",\"legalName\":\"iDiscovery Solutions\"}]}<\/script>\n<!-- \/ Yoast SEO Premium plugin. -->","yoast_head_json":{"title":"Julian Ackert - Soluciones iDiscovery","description":"Julian Ackert, director general s\u00e9nior de iDS, cuenta con 20 a\u00f1os de experiencia en consultor\u00eda y gesti\u00f3n de proyectos en los sectores de tecnolog\u00eda y litigios.","robots":{"index":"index","follow":"follow","max-snippet":"max-snippet:-1","max-image-preview":"max-image-preview:large","max-video-preview":"max-video-preview:-1"},"canonical":"https:\/\/idsinc.com\/es\/julian-ackert\/","og_locale":"es_ES","og_type":"article","og_title":"Julian Ackert","og_description":"Julian Ackert, iDS Senior Managing Director, has 20 years consulting & project management experience in technology & litigation industries.","og_url":"https:\/\/idsinc.com\/es\/julian-ackert\/","og_site_name":"iDiscovery Solutions","article_publisher":"https:\/\/www.facebook.com\/iDiscovery-Solutions-110210573904472","article_modified_time":"2026-02-11T15:27:35+00:00","og_image":[{"width":400,"height":400,"url":"https:\/\/idsinc.com\/wp-content\/uploads\/2026\/02\/julian-ackert-e1770822468969.webp","type":"image\/webp"}],"twitter_card":"summary_large_image","twitter_misc":{"Tiempo de lectura":"3 minutos"},"schema":{"@context":"https:\/\/schema.org","@graph":[{"@type":"WebPage","@id":"https:\/\/idsinc.com\/julian-ackert\/","url":"https:\/\/idsinc.com\/julian-ackert\/","name":"Julian Ackert - Soluciones iDiscovery","isPartOf":{"@id":"https:\/\/idsinc.com\/en_gb\/#website"},"primaryImageOfPage":{"@id":"https:\/\/idsinc.com\/julian-ackert\/#primaryimage"},"image":{"@id":"https:\/\/idsinc.com\/julian-ackert\/#primaryimage"},"thumbnailUrl":"https:\/\/idsinc.com\/wp-content\/uploads\/2026\/02\/julian-ackert-e1770822468969.webp","datePublished":"2026-02-11T15:08:34+00:00","dateModified":"2026-02-11T15:27:35+00:00","description":"Julian Ackert, director general s\u00e9nior de iDS, cuenta con 20 a\u00f1os de experiencia en consultor\u00eda y gesti\u00f3n de proyectos en los sectores de tecnolog\u00eda y litigios.","breadcrumb":{"@id":"https:\/\/idsinc.com\/julian-ackert\/#breadcrumb"},"inLanguage":"es","potentialAction":[{"@type":"ReadAction","target":["https:\/\/idsinc.com\/julian-ackert\/"]}]},{"@type":"ImageObject","inLanguage":"es","@id":"https:\/\/idsinc.com\/julian-ackert\/#primaryimage","url":"https:\/\/idsinc.com\/wp-content\/uploads\/2026\/02\/julian-ackert-e1770822468969.webp","contentUrl":"https:\/\/idsinc.com\/wp-content\/uploads\/2026\/02\/julian-ackert-e1770822468969.webp","width":400,"height":400,"caption":"Julian Ackert, Senior Managing Director, works in forensic data collection, computer forensic analysis, preservation & collection strategies."},{"@type":"BreadcrumbList","@id":"https:\/\/idsinc.com\/julian-ackert\/#breadcrumb","itemListElement":[{"@type":"ListItem","position":1,"name":"Home","item":"https:\/\/idsinc.com\/"},{"@type":"ListItem","position":2,"name":"Julian Ackert"}]},{"@type":"WebSite","@id":"https:\/\/idsinc.com\/en_gb\/#website","url":"https:\/\/idsinc.com\/en_gb\/","name":"Soluciones iDiscovery","description":"Utilice los datos a su favor en la sala del tribunal","publisher":{"@id":"https:\/\/idsinc.com\/en_gb\/#organization"},"alternateName":"iDS","potentialAction":[{"@type":"SearchAction","target":{"@type":"EntryPoint","urlTemplate":"https:\/\/idsinc.com\/en_gb\/?s={search_term_string}"},"query-input":{"@type":"PropertyValueSpecification","valueRequired":true,"valueName":"search_term_string"}}],"inLanguage":"es"},{"@type":"Organization","@id":"https:\/\/idsinc.com\/en_gb\/#organization","name":"Soluciones iDiscovery","alternateName":"iDS","url":"https:\/\/idsinc.com\/en_gb\/","logo":{"@type":"ImageObject","inLanguage":"es","@id":"https:\/\/idsinc.com\/en_gb\/#\/schema\/logo\/image\/","url":"https:\/\/idsinc.com\/wp-content\/uploads\/2021\/01\/iDS-Logo-3c-e1611176096212.png","contentUrl":"https:\/\/idsinc.com\/wp-content\/uploads\/2021\/01\/iDS-Logo-3c-e1611176096212.png","width":100,"height":73,"caption":"iDiscovery Solutions"},"image":{"@id":"https:\/\/idsinc.com\/en_gb\/#\/schema\/logo\/image\/"},"sameAs":["https:\/\/www.facebook.com\/iDiscovery-Solutions-110210573904472","https:\/\/www.linkedin.com\/company\/idsinc","https:\/\/www.youtube.com\/channel\/UCarv7o1MeYfCp0eZ1IrufIw"],"description":"iDS ofrece soluciones de datos consultivas a corporaciones y bufetes de abogados de todo el mundo, lo que les otorga una ventaja decisiva, tanto dentro como fuera de los tribunales. Los expertos en la materia y los estrategas de datos de iDS se especializan en encontrar soluciones a problemas de datos complejos, garantizando que los datos puedan aprovecharse como un activo, no como un pasivo.","email":"info@idsinc.com","telephone":"+1.800.813.4832","legalName":"iDiscovery Solutions"}]}},"builder_content":"<img src=\"https:\/\/idsinc.com\/wp-content\/uploads\/2026\/02\/julian-ackert-e1770822468969.webp\" title=\"Julian Ackert - iDiscovery Senior Managing Director\" alt=\"Julian Ackert, iDiscovery Managing Director, Managing Director, forensic data collection, computer forensic analysis, preservation, collection strategies\" srcset=\"https:\/\/idsinc.com\/wp-content\/uploads\/2026\/02\/julian-ackert-e1770822468969.webp 400w, https:\/\/idsinc.com\/wp-content\/uploads\/2026\/02\/julian-ackert-e1770822468969-300x300.webp 300w, https:\/\/idsinc.com\/wp-content\/uploads\/2026\/02\/julian-ackert-e1770822468969-150x150.webp 150w, https:\/\/idsinc.com\/wp-content\/uploads\/2026\/02\/julian-ackert-e1770822468969-12x12.webp 12w\" sizes=\"(max-width: 400px) 100vw, 400px\" \/>\n<h1>Julian Ackert<br\/>Senior Managing Director<\/h1>\n<p>Mr. Julian Ackert, a Senior Managing Director at iDiscovery Solutions (iDS) in Washington DC, has over 20 years of consulting and project management experience in the technology and litigation industries.<\/p> <p>He has extensive experience with forensic data collection, computer forensic analysis, creating and implementing preservation and collection strategies, managing electronic data processing and review endeavors, analyzing complex transactional data systems, and working with large multi-national corporations to establish and develop methodologies and best practices for litigation preparedness. Mr. Ackert has written expert reports and provided testimony on the forensic preservation, acquisition, and analysis of electronic information. Additionally, he has worked on several international projects involving complex data privacy, collection, and review challenges.<\/p>\n<a href=\"https:\/\/idsinc.com\/ids-talks-overcoming-data-challenges-in-high-stakes-litigation-with-julian-ackert\/\" rel=\"noopener\" target=\"_blank\"> <img src=\"https:\/\/idsinc.com\/wp-content\/uploads\/2024\/07\/iDS-talks-art-4.1.jpg\" title=\"Watch Full Podcast\" alt=\"Watch Full Podcast\" srcset=\"https:\/\/idsinc.com\/wp-content\/uploads\/2024\/07\/iDS-talks-art-4.1.jpg 1280w, https:\/\/idsinc.com\/wp-content\/uploads\/2024\/07\/iDS-talks-art-4.1-300x169.jpg 300w, https:\/\/idsinc.com\/wp-content\/uploads\/2024\/07\/iDS-talks-art-4.1-1024x576.jpg 1024w, https:\/\/idsinc.com\/wp-content\/uploads\/2024\/07\/iDS-talks-art-4.1-768x432.jpg 768w, https:\/\/idsinc.com\/wp-content\/uploads\/2024\/07\/iDS-talks-art-4.1-18x10.jpg 18w\" sizes=\"(max-width: 1280px) 100vw, 1280px\" \/> <\/a> <h3> <a href=\"https:\/\/idsinc.com\/ids-talks-overcoming-data-challenges-in-high-stakes-litigation-with-julian-ackert\/\" rel=\"noopener\" target=\"_blank\"> Watch Full Podcast <\/a> <\/h3>\n<p style=\"text-align: center;\"><a href=\"tel:(202)249-7865\" target=\"_blank\" rel=\"noopener noreferrer\">202.249.7865 <\/a>\u00a0 |\u00a0 <a href=\"mailto:jackert@idsinc.com\" target=\"_blank\" rel=\"noopener noreferrer\">jackert@idsinc.com <\/a>\u00a0 |\u00a0 <a href=\"https:\/\/www.linkedin.com\/in\/julianackert\/\">LinkedIn<\/a> \u00a0|\u00a0 <a href=\"https:\/\/idsinc.com\/wp-content\/uploads\/2026\/01\/iDS-DH-CV-JulianAckert-2026.pdf\" target=\"_blank\" rel=\"noopener noreferrer\">CV <\/a><\/p>\n<p>Mr. Ackert is a member of The Sedona Conference, Working Group 11 (Data Security and Privacy Library) and Working Group 12 (Trade Secrets). Prior to joining iDS, he was a Principal and New York regional lead at LECG and a Manager at FTI Consulting. Mr. Ackert began his career designing, developing, and implementing Knowledge Management \/ Content Management applications, government middleware solutions, and E-business applications for Federal Government services at Accenture.<\/p>\n<h6>To learn more about Bobby or to schedule him to speak at your event, contact him at <a href=\"tel:(202)249-7865\" target=\"_blank\" rel=\"noopener noreferrer\">202.249.7865 <\/a>, <a href=\"mailto:jackert@idsinc.com\" target=\"_blank\" rel=\"noopener noreferrer\">jackert@idsinc.com <\/a><a href=\"mailto:bwilliams@idsinc.com\" target=\"_blank\" rel=\"noopener noreferrer\">\u00a0<\/a>on his <a href=\"https:\/\/www.linkedin.com\/in\/julianackert\/\">LinkedIn<\/a> or download his\u00a0<a href=\"https:\/\/idsinc.com\/wp-content\/uploads\/2026\/01\/iDS-DH-CV-JulianAckert-2026.pdf\" target=\"_blank\" rel=\"noopener noreferrer\">CV.<\/a><\/h6>","_links":{"self":[{"href":"https:\/\/idsinc.com\/es\/wp-json\/wp\/v2\/pages\/9270","targetHints":{"allow":["GET"]}}],"collection":[{"href":"https:\/\/idsinc.com\/es\/wp-json\/wp\/v2\/pages"}],"about":[{"href":"https:\/\/idsinc.com\/es\/wp-json\/wp\/v2\/types\/page"}],"author":[{"embeddable":true,"href":"https:\/\/idsinc.com\/es\/wp-json\/wp\/v2\/users\/7"}],"replies":[{"embeddable":true,"href":"https:\/\/idsinc.com\/es\/wp-json\/wp\/v2\/comments?post=9270"}],"version-history":[{"count":2,"href":"https:\/\/idsinc.com\/es\/wp-json\/wp\/v2\/pages\/9270\/revisions"}],"predecessor-version":[{"id":9283,"href":"https:\/\/idsinc.com\/es\/wp-json\/wp\/v2\/pages\/9270\/revisions\/9283"}],"wp:featuredmedia":[{"embeddable":true,"href":"https:\/\/idsinc.com\/es\/wp-json\/wp\/v2\/media\/9276"}],"wp:attachment":[{"href":"https:\/\/idsinc.com\/es\/wp-json\/wp\/v2\/media?parent=9270"}],"wp:term":[{"taxonomy":"team","embeddable":true,"href":"https:\/\/idsinc.com\/es\/wp-json\/wp\/v2\/team?post=9270"}],"curies":[{"name":"gracias","href":"https:\/\/api.w.org\/{rel}","templated":true}]}}