{"id":9270,"date":"2026-02-11T09:08:34","date_gmt":"2026-02-11T15:08:34","guid":{"rendered":"https:\/\/idsinc.com\/?page_id=9270"},"modified":"2026-02-11T09:27:35","modified_gmt":"2026-02-11T15:27:35","slug":"julian-ackert","status":"publish","type":"page","link":"https:\/\/idsinc.com\/de\/julian-ackert\/","title":{"rendered":"Julian Acert"},"content":{"rendered":"<!--themify_builder_content-->\n<div id=\"themify_builder_content-9270\" data-postid=\"9270\" class=\"themify_builder_content themify_builder_content-9270 themify_builder tf_clear\">\n                    <div  data-lazy=\"1\" class=\"module_row themify_builder_row tb_1fx1790 tb_first tf_w\">\n                        <div class=\"row_inner col_align_middle gutter-none tb_col_count_2 tf_box tf_rel\">\n                        <div  data-lazy=\"1\" class=\"module_column tb-column col4-2 tb_dkgm990 first\">\n                    <!-- module image -->\n<div  class=\"module module-image tb_2f0v909 image-top circle  tf_mw\" data-lazy=\"1\">\n        <div class=\"image-wrap tf_rel tf_mw\">\n            <img loading=\"lazy\" decoding=\"async\" width=\"400\" height=\"400\" src=\"https:\/\/idsinc.com\/wp-content\/uploads\/2026\/02\/julian-ackert-e1770822468969.webp\" class=\"wp-post-image wp-image-9276\" title=\"Julian Ackert \u2013 Senior Managing Director bei iDiscovery\" alt=\"Julian Ackert, iDiscovery-Gesch\u00e4ftsf\u00fchrer, Gesch\u00e4ftsf\u00fchrer, forensische Datenerfassung, computerforensische Analyse, Aufbewahrung, Sammlungsstrategien\" srcset=\"https:\/\/idsinc.com\/wp-content\/uploads\/2026\/02\/julian-ackert-e1770822468969.webp 400w, https:\/\/idsinc.com\/wp-content\/uploads\/2026\/02\/julian-ackert-e1770822468969-300x300.webp 300w, https:\/\/idsinc.com\/wp-content\/uploads\/2026\/02\/julian-ackert-e1770822468969-150x150.webp 150w, https:\/\/idsinc.com\/wp-content\/uploads\/2026\/02\/julian-ackert-e1770822468969-12x12.webp 12w\" sizes=\"auto, (max-width: 400px) 100vw, 400px\" \/>    \n        <\/div>\n    <!-- \/image-wrap -->\n    \n        <\/div>\n<!-- \/module image -->        <\/div>\n                    <div  data-lazy=\"1\" class=\"module_column tb-column col4-2 tb_d8wt077 last\">\n                    <!-- module fancy heading -->\n<div  class=\"module module-fancy-heading tb_r5dz072  inline-fancy-heading\" data-lazy=\"1\">\n        <h1 class=\"fancy-heading\">\n    <span class=\"main-head tf_inline_b\">\n                    Julian Acert            <\/span>\n\n    \n    <span class=\"sub-head tf_inline_b tf_rel\">\n                    Leitender Gesch\u00e4ftsf\u00fchrer            <\/span>\n    <\/h1>\n<\/div>\n<!-- \/module fancy heading -->\n        <\/div>\n                        <\/div>\n        <\/div>\n                        <div  data-lazy=\"1\" class=\"module_row themify_builder_row tb_ifh8040 tf_w\">\n                        <div class=\"row_inner col_align_top tb_col_count_2 tf_box tf_rel\">\n                        <div  data-lazy=\"1\" class=\"module_column tb-column col4-2 tb_b97d997 first\">\n                    <!-- module text -->\n<div  class=\"module module-text tb_mddg777\" data-lazy=\"1\">\n        <div  class=\"tb_text_wrap\">\n        <p>Herr Julian Ackert, Senior Managing Director bei iDiscovery Solutions (iDS) in Washington DC, verf\u00fcgt \u00fcber mehr als 20 Jahre Erfahrung in der Beratung und im Projektmanagement in der Technologie- und Rechtsstreitigkeitsbranche.<\/p>\n<p>Er verf\u00fcgt \u00fcber umfangreiche Erfahrung in der forensischen Datenerfassung, forensischen Computeranalyse, der Erstellung und Implementierung von Aufbewahrungs- und Erfassungsstrategien, der Verwaltung elektronischer Datenverarbeitung und \u00dcberpr\u00fcfungsbem\u00fchungen, der Analyse komplexer Transaktionsdatensysteme und der Zusammenarbeit mit gro\u00dfen multinationalen Unternehmen zur Etablierung und Entwicklung von Methoden und Best Praktiken f\u00fcr die Vorbereitung auf Rechtsstreitigkeiten. Herr Ackert hat Gutachten verfasst und Zeugnisse zur forensischen Sicherung, Erfassung und Analyse elektronischer Informationen abgegeben. Dar\u00fcber hinaus hat er an mehreren internationalen Projekten mit komplexen Datenschutz-, Erfassungs- und \u00dcberpr\u00fcfungsherausforderungen gearbeitet.<\/p>    <\/div>\n<\/div>\n<!-- \/module text -->        <\/div>\n                    <div  data-lazy=\"1\" class=\"module_column tb-column col4-2 tb_y1ol029 last\">\n                    <!-- module image -->\n<div  class=\"module module-image tb_w8ad972 image-card-layout   tf_mw\" data-lazy=\"1\">\n        <div class=\"image-wrap tf_rel tf_mw\">\n            <a href=\"https:\/\/idsinc.com\/de\/ids-spricht-mit-julian-ackert-uber-die-bewaltigung-von-datenherausforderungen-in-rechtsstreitigkeiten-mit-hohem-einsatz\/\" rel=\"noopener\" target=\"_blank\">\n                   <img loading=\"lazy\" decoding=\"async\" width=\"1280\" height=\"720\" src=\"https:\/\/idsinc.com\/wp-content\/uploads\/2024\/07\/iDS-talks-art-4.1.jpg\" class=\"wp-post-image wp-image-6791\" title=\"Den vollst\u00e4ndigen Podcast ansehen\" alt=\"Den vollst\u00e4ndigen Podcast ansehen\" srcset=\"https:\/\/idsinc.com\/wp-content\/uploads\/2024\/07\/iDS-talks-art-4.1.jpg 1280w, https:\/\/idsinc.com\/wp-content\/uploads\/2024\/07\/iDS-talks-art-4.1-300x169.jpg 300w, https:\/\/idsinc.com\/wp-content\/uploads\/2024\/07\/iDS-talks-art-4.1-1024x576.jpg 1024w, https:\/\/idsinc.com\/wp-content\/uploads\/2024\/07\/iDS-talks-art-4.1-768x432.jpg 768w, https:\/\/idsinc.com\/wp-content\/uploads\/2024\/07\/iDS-talks-art-4.1-18x10.jpg 18w\" sizes=\"auto, (max-width: 1280px) 100vw, 1280px\" \/>        <\/a>\n    \n        <\/div>\n    <!-- \/image-wrap -->\n    \n        <div class=\"image-content\">\n                    <h3 class=\"image-title\">\n                                    <a href=\"https:\/\/idsinc.com\/de\/ids-spricht-mit-julian-ackert-uber-die-bewaltigung-von-datenherausforderungen-in-rechtsstreitigkeiten-mit-hohem-einsatz\/\" rel=\"noopener\" target=\"_blank\">\n                        Den vollst\u00e4ndigen Podcast ansehen                    <\/a>\n                            <\/h3>\n                    <\/div>\n    <!-- \/image-content -->\n        <\/div>\n<!-- \/module image --><!-- module text -->\n<div  class=\"module module-text tb_7flg080\" data-lazy=\"1\">\n        <div  class=\"tb_text_wrap\">\n        <p style=\"text-align: center;\"><span style=\"color: #ee5d20;\"><a class=\"ptb_link_button\" href=\"tel:(202)249-7865\" target=\"_blank\" rel=\"noopener noreferrer\">202.249.7865 <\/a>\u00a0 |<\/span>\u00a0 <a class=\"ptb_link_button\" href=\"mailto:jackert@idsinc.com\" target=\"_blank\" rel=\"noopener noreferrer\">jackert@idsinc.com <\/a>\u00a0 <span style=\"color: #ee5d20;\">|\u00a0<\/span> <a class=\"ptb_extra_icon_link\" href=\"https:\/\/www.linkedin.com\/in\/julianackert\/\"><span class=\"ptb_extra_icon_label\">LinkedIn<\/span><\/a><span class=\"ptb_extra_icon_label\"> \u00a0<\/span><span style=\"color: #ee5d20;\">|<\/span>\u00a0 <a class=\"ptb_link_button\" href=\"https:\/\/idsinc.com\/wp-content\/uploads\/2026\/01\/iDS-DH-CV-JulianAckert-2026.pdf\" target=\"_blank\" rel=\"noopener noreferrer\">Lebenslauf <\/a><\/p>    <\/div>\n<\/div>\n<!-- \/module text -->        <\/div>\n                        <\/div>\n        <\/div>\n                        <div  data-lazy=\"1\" class=\"module_row themify_builder_row tb_dfzo673 tf_w\">\n                        <div class=\"row_inner col_align_top tb_col_count_1 tf_box tf_rel\">\n                        <div  data-lazy=\"1\" class=\"module_column tb-column col-full tb_36me673 first\">\n                    <!-- module text -->\n<div  class=\"module module-text tb_h7je778\" data-lazy=\"1\">\n        <div  class=\"tb_text_wrap\">\n        <p>Herr Ackert ist Mitglied der Sedona Conference, Working Group 11 (Data Security and Privacy Library) und Working Group 12 (Trade Secrets). Bevor er zu iDS kam, war er Principal und New York Regional Lead bei LECG und Manager bei FTI Consulting. Herr Ackert begann seine Karriere mit der Konzeption, Entwicklung und Implementierung von Wissensmanagement-\/Content-Management-Anwendungen, Regierungs-Middleware-L\u00f6sungen und E-Business-Anwendungen f\u00fcr Regierungsdienste bei Accenture.<\/p>    <\/div>\n<\/div>\n<!-- \/module text -->        <\/div>\n                        <\/div>\n        <\/div>\n                        <div  data-anchor=\"contact\" data-hide-anchor=\"1\" data-lazy=\"1\" class=\"module_row themify_builder_row tb_has_section tb_section-contact tb_5cxg998 tf_w\">\n            <span  class=\"builder_row_cover tf_abs\" data-lazy=\"1\"><\/span>            <div class=\"row_inner col_align_top tb_col_count_1 tf_box tf_rel\">\n                        <div  data-lazy=\"1\" class=\"module_column tb-column col-full tb_cd3y200 first\">\n                    <!-- module text -->\n<div  class=\"module module-text tb_9cwq903\" data-lazy=\"1\">\n        <div  class=\"tb_text_wrap\">\n        <h6><span id=\"page247R_mcid20\"><\/span><span class=\"markedContent\"><span dir=\"ltr\" role=\"presentation\">Um mehr \u00fcber Bobby zu erfahren oder ihn als Redner f\u00fcr Ihre Veranstaltung zu buchen, kontaktieren Sie ihn unter <a class=\"ptb_link_button\" href=\"tel:(202)249-7865\" target=\"_blank\" rel=\"noopener noreferrer\">202.249.7865 <\/a><\/span><\/span>, <a class=\"ptb_link_button\" href=\"mailto:jackert@idsinc.com\" target=\"_blank\" rel=\"noopener noreferrer\">jackert@idsinc.com <\/a><a class=\"ptb_link_button\" href=\"mailto:bwilliams@idsinc.com\" target=\"_blank\" rel=\"noopener noreferrer\">\u00a0<\/a>auf seinem <a class=\"ptb_extra_icon_link\" href=\"https:\/\/www.linkedin.com\/in\/julianackert\/\"><span class=\"ptb_extra_icon_label\">LinkedIn<\/span><\/a> oder laden Sie seine\u00a0<a class=\"ptb_link_button\" href=\"https:\/\/idsinc.com\/wp-content\/uploads\/2026\/01\/iDS-DH-CV-JulianAckert-2026.pdf\" target=\"_blank\" rel=\"noopener noreferrer\">Lebenslauf.<\/a><\/h6>    <\/div>\n<\/div>\n<!-- \/module text -->        <\/div>\n                        <\/div>\n        <\/div>\n        <\/div>\n<!--\/themify_builder_content-->","protected":false},"excerpt":{"rendered":"<p>Mr. Julian Ackert, a Senior Managing Director at iDiscovery Solutions (iDS) in Washington DC, has over 20 years of consulting and project management experience in the technology and litigation industries. He has extensive experience with forensic data collection, computer forensic analysis, creating and implementing preservation and collection strategies, managing electronic data processing and review endeavors, [&hellip;]<\/p>\n","protected":false},"author":7,"featured_media":9276,"parent":0,"menu_order":0,"comment_status":"closed","ping_status":"closed","template":"","meta":{"footnotes":""},"team":[],"class_list":["post-9270","page","type-page","status-publish","has-post-thumbnail","hentry","has-post-title","has-post-date","has-post-category","has-post-tag","has-post-comment","has-post-author",""],"yoast_head":"<!-- This site is optimized with the Yoast SEO Premium plugin v27.5 (Yoast SEO v27.5) - https:\/\/yoast.com\/product\/yoast-seo-premium-wordpress\/ -->\n<title>Julian Ackert - iDiscovery Solutions<\/title>\n<meta name=\"description\" content=\"Julian Ackert, iDS Senior Managing Director, has 20 years consulting &amp; project management experience in technology &amp; litigation industries.\" \/>\n<meta name=\"robots\" content=\"index, follow, max-snippet:-1, max-image-preview:large, max-video-preview:-1\" \/>\n<link rel=\"canonical\" href=\"https:\/\/idsinc.com\/de\/julian-ackert\/\" \/>\n<meta property=\"og:locale\" content=\"de_DE\" \/>\n<meta property=\"og:type\" content=\"article\" \/>\n<meta property=\"og:title\" content=\"Julian Ackert\" \/>\n<meta property=\"og:description\" content=\"Julian Ackert, iDS Senior Managing Director, has 20 years consulting &amp; project management experience in technology &amp; litigation industries.\" \/>\n<meta property=\"og:url\" content=\"https:\/\/idsinc.com\/de\/julian-ackert\/\" \/>\n<meta property=\"og:site_name\" content=\"iDiscovery Solutions\" \/>\n<meta property=\"article:publisher\" content=\"https:\/\/www.facebook.com\/iDiscovery-Solutions-110210573904472\" \/>\n<meta property=\"article:modified_time\" content=\"2026-02-11T15:27:35+00:00\" \/>\n<meta property=\"og:image\" content=\"https:\/\/idsinc.com\/wp-content\/uploads\/2026\/02\/julian-ackert-e1770822468969.webp\" \/>\n\t<meta property=\"og:image:width\" content=\"400\" \/>\n\t<meta property=\"og:image:height\" content=\"400\" \/>\n\t<meta property=\"og:image:type\" content=\"image\/webp\" \/>\n<meta name=\"twitter:card\" content=\"summary_large_image\" \/>\n<meta name=\"twitter:label1\" content=\"Gesch\u00e4tzte Lesezeit\" \/>\n\t<meta name=\"twitter:data1\" content=\"3\u00a0Minuten\" \/>\n<script type=\"application\/ld+json\" class=\"yoast-schema-graph\">{\"@context\":\"https:\\\/\\\/schema.org\",\"@graph\":[{\"@type\":\"WebPage\",\"@id\":\"https:\\\/\\\/idsinc.com\\\/julian-ackert\\\/\",\"url\":\"https:\\\/\\\/idsinc.com\\\/julian-ackert\\\/\",\"name\":\"Julian Ackert - iDiscovery Solutions\",\"isPartOf\":{\"@id\":\"https:\\\/\\\/idsinc.com\\\/en_gb\\\/#website\"},\"primaryImageOfPage\":{\"@id\":\"https:\\\/\\\/idsinc.com\\\/julian-ackert\\\/#primaryimage\"},\"image\":{\"@id\":\"https:\\\/\\\/idsinc.com\\\/julian-ackert\\\/#primaryimage\"},\"thumbnailUrl\":\"https:\\\/\\\/idsinc.com\\\/wp-content\\\/uploads\\\/2026\\\/02\\\/julian-ackert-e1770822468969.webp\",\"datePublished\":\"2026-02-11T15:08:34+00:00\",\"dateModified\":\"2026-02-11T15:27:35+00:00\",\"description\":\"Julian Ackert, iDS Senior Managing Director, has 20 years consulting & project management experience in technology & litigation industries.\",\"breadcrumb\":{\"@id\":\"https:\\\/\\\/idsinc.com\\\/julian-ackert\\\/#breadcrumb\"},\"inLanguage\":\"de\",\"potentialAction\":[{\"@type\":\"ReadAction\",\"target\":[\"https:\\\/\\\/idsinc.com\\\/julian-ackert\\\/\"]}]},{\"@type\":\"ImageObject\",\"inLanguage\":\"de\",\"@id\":\"https:\\\/\\\/idsinc.com\\\/julian-ackert\\\/#primaryimage\",\"url\":\"https:\\\/\\\/idsinc.com\\\/wp-content\\\/uploads\\\/2026\\\/02\\\/julian-ackert-e1770822468969.webp\",\"contentUrl\":\"https:\\\/\\\/idsinc.com\\\/wp-content\\\/uploads\\\/2026\\\/02\\\/julian-ackert-e1770822468969.webp\",\"width\":400,\"height\":400,\"caption\":\"Julian Ackert, Senior Managing Director, works in forensic data collection, computer forensic analysis, preservation & collection strategies.\"},{\"@type\":\"BreadcrumbList\",\"@id\":\"https:\\\/\\\/idsinc.com\\\/julian-ackert\\\/#breadcrumb\",\"itemListElement\":[{\"@type\":\"ListItem\",\"position\":1,\"name\":\"Home\",\"item\":\"https:\\\/\\\/idsinc.com\\\/\"},{\"@type\":\"ListItem\",\"position\":2,\"name\":\"Julian Ackert\"}]},{\"@type\":\"WebSite\",\"@id\":\"https:\\\/\\\/idsinc.com\\\/en_gb\\\/#website\",\"url\":\"https:\\\/\\\/idsinc.com\\\/en_gb\\\/\",\"name\":\"iDiscovery Solutions\",\"description\":\"Use data to your advantage in the courtroom\",\"publisher\":{\"@id\":\"https:\\\/\\\/idsinc.com\\\/en_gb\\\/#organization\"},\"alternateName\":\"iDS\",\"potentialAction\":[{\"@type\":\"SearchAction\",\"target\":{\"@type\":\"EntryPoint\",\"urlTemplate\":\"https:\\\/\\\/idsinc.com\\\/en_gb\\\/?s={search_term_string}\"},\"query-input\":{\"@type\":\"PropertyValueSpecification\",\"valueRequired\":true,\"valueName\":\"search_term_string\"}}],\"inLanguage\":\"de\"},{\"@type\":\"Organization\",\"@id\":\"https:\\\/\\\/idsinc.com\\\/en_gb\\\/#organization\",\"name\":\"iDiscovery Solutions\",\"alternateName\":\"iDS\",\"url\":\"https:\\\/\\\/idsinc.com\\\/en_gb\\\/\",\"logo\":{\"@type\":\"ImageObject\",\"inLanguage\":\"de\",\"@id\":\"https:\\\/\\\/idsinc.com\\\/en_gb\\\/#\\\/schema\\\/logo\\\/image\\\/\",\"url\":\"https:\\\/\\\/idsinc.com\\\/wp-content\\\/uploads\\\/2021\\\/01\\\/iDS-Logo-3c-e1611176096212.png\",\"contentUrl\":\"https:\\\/\\\/idsinc.com\\\/wp-content\\\/uploads\\\/2021\\\/01\\\/iDS-Logo-3c-e1611176096212.png\",\"width\":100,\"height\":73,\"caption\":\"iDiscovery Solutions\"},\"image\":{\"@id\":\"https:\\\/\\\/idsinc.com\\\/en_gb\\\/#\\\/schema\\\/logo\\\/image\\\/\"},\"sameAs\":[\"https:\\\/\\\/www.facebook.com\\\/iDiscovery-Solutions-110210573904472\",\"https:\\\/\\\/www.linkedin.com\\\/company\\\/idsinc\",\"https:\\\/\\\/www.youtube.com\\\/channel\\\/UCarv7o1MeYfCp0eZ1IrufIw\"],\"description\":\"iDS provides consultative data solutions to corporations and law firms around the world, giving them a decisive advantage \u2013 both in and out of the courtroom. iDS\u2019s subject matter experts and data strategists specialize in finding solutions to complex data problems, ensuring data can be leveraged as an asset, not a liability.\",\"email\":\"info@idsinc.com\",\"telephone\":\"+1.800.813.4832\",\"legalName\":\"iDiscovery Solutions\"}]}<\/script>\n<!-- \/ Yoast SEO Premium plugin. -->","yoast_head_json":{"title":"Julian Ackert \u2013 iDiscovery Solutions","description":"Julian Ackert, Senior Managing Director bei iDS, verf\u00fcgt \u00fcber 20 Jahre Erfahrung in der Beratung und im Projektmanagement in den Bereichen Technologie und Rechtsstreitigkeiten.","robots":{"index":"index","follow":"follow","max-snippet":"max-snippet:-1","max-image-preview":"max-image-preview:large","max-video-preview":"max-video-preview:-1"},"canonical":"https:\/\/idsinc.com\/de\/julian-ackert\/","og_locale":"de_DE","og_type":"article","og_title":"Julian Ackert","og_description":"Julian Ackert, iDS Senior Managing Director, has 20 years consulting & project management experience in technology & litigation industries.","og_url":"https:\/\/idsinc.com\/de\/julian-ackert\/","og_site_name":"iDiscovery Solutions","article_publisher":"https:\/\/www.facebook.com\/iDiscovery-Solutions-110210573904472","article_modified_time":"2026-02-11T15:27:35+00:00","og_image":[{"width":400,"height":400,"url":"https:\/\/idsinc.com\/wp-content\/uploads\/2026\/02\/julian-ackert-e1770822468969.webp","type":"image\/webp"}],"twitter_card":"summary_large_image","twitter_misc":{"Gesch\u00e4tzte Lesezeit":"3\u00a0Minuten"},"schema":{"@context":"https:\/\/schema.org","@graph":[{"@type":"WebPage","@id":"https:\/\/idsinc.com\/julian-ackert\/","url":"https:\/\/idsinc.com\/julian-ackert\/","name":"Julian Ackert \u2013 iDiscovery Solutions","isPartOf":{"@id":"https:\/\/idsinc.com\/en_gb\/#website"},"primaryImageOfPage":{"@id":"https:\/\/idsinc.com\/julian-ackert\/#primaryimage"},"image":{"@id":"https:\/\/idsinc.com\/julian-ackert\/#primaryimage"},"thumbnailUrl":"https:\/\/idsinc.com\/wp-content\/uploads\/2026\/02\/julian-ackert-e1770822468969.webp","datePublished":"2026-02-11T15:08:34+00:00","dateModified":"2026-02-11T15:27:35+00:00","description":"Julian Ackert, Senior Managing Director bei iDS, verf\u00fcgt \u00fcber 20 Jahre Erfahrung in der Beratung und im Projektmanagement in den Bereichen Technologie und Rechtsstreitigkeiten.","breadcrumb":{"@id":"https:\/\/idsinc.com\/julian-ackert\/#breadcrumb"},"inLanguage":"de","potentialAction":[{"@type":"ReadAction","target":["https:\/\/idsinc.com\/julian-ackert\/"]}]},{"@type":"ImageObject","inLanguage":"de","@id":"https:\/\/idsinc.com\/julian-ackert\/#primaryimage","url":"https:\/\/idsinc.com\/wp-content\/uploads\/2026\/02\/julian-ackert-e1770822468969.webp","contentUrl":"https:\/\/idsinc.com\/wp-content\/uploads\/2026\/02\/julian-ackert-e1770822468969.webp","width":400,"height":400,"caption":"Julian Ackert, Senior Managing Director, works in forensic data collection, computer forensic analysis, preservation & collection strategies."},{"@type":"BreadcrumbList","@id":"https:\/\/idsinc.com\/julian-ackert\/#breadcrumb","itemListElement":[{"@type":"ListItem","position":1,"name":"Home","item":"https:\/\/idsinc.com\/"},{"@type":"ListItem","position":2,"name":"Julian Ackert"}]},{"@type":"WebSite","@id":"https:\/\/idsinc.com\/en_gb\/#website","url":"https:\/\/idsinc.com\/en_gb\/","name":"iDiscovery-L\u00f6sungen","description":"Nutzen Sie Daten im Gerichtssaal zu Ihrem Vorteil","publisher":{"@id":"https:\/\/idsinc.com\/en_gb\/#organization"},"alternateName":"iDS","potentialAction":[{"@type":"SearchAction","target":{"@type":"EntryPoint","urlTemplate":"https:\/\/idsinc.com\/en_gb\/?s={search_term_string}"},"query-input":{"@type":"PropertyValueSpecification","valueRequired":true,"valueName":"search_term_string"}}],"inLanguage":"de"},{"@type":"Organization","@id":"https:\/\/idsinc.com\/en_gb\/#organization","name":"iDiscovery-L\u00f6sungen","alternateName":"iDS","url":"https:\/\/idsinc.com\/en_gb\/","logo":{"@type":"ImageObject","inLanguage":"de","@id":"https:\/\/idsinc.com\/en_gb\/#\/schema\/logo\/image\/","url":"https:\/\/idsinc.com\/wp-content\/uploads\/2021\/01\/iDS-Logo-3c-e1611176096212.png","contentUrl":"https:\/\/idsinc.com\/wp-content\/uploads\/2021\/01\/iDS-Logo-3c-e1611176096212.png","width":100,"height":73,"caption":"iDiscovery Solutions"},"image":{"@id":"https:\/\/idsinc.com\/en_gb\/#\/schema\/logo\/image\/"},"sameAs":["https:\/\/www.facebook.com\/iDiscovery-Solutions-110210573904472","https:\/\/www.linkedin.com\/company\/idsinc","https:\/\/www.youtube.com\/channel\/UCarv7o1MeYfCp0eZ1IrufIw"],"description":"iDS bietet Unternehmen und Anwaltskanzleien weltweit beratende Datenl\u00f6sungen und verschafft ihnen damit einen entscheidenden Vorteil \u2013 sowohl vor als auch au\u00dferhalb des Gerichtssaals. Die Fachexperten und Datenstrategen von iDS sind auf die L\u00f6sung komplexer Datenprobleme spezialisiert und stellen sicher, dass Daten als Vorteil und nicht als Belastung genutzt werden.","email":"info@idsinc.com","telephone":"+1.800.813.4832","legalName":"iDiscovery Solutions"}]}},"builder_content":"<img src=\"https:\/\/idsinc.com\/wp-content\/uploads\/2026\/02\/julian-ackert-e1770822468969.webp\" title=\"Julian Ackert - iDiscovery Senior Managing Director\" alt=\"Julian Ackert, iDiscovery Managing Director, Managing Director, forensic data collection, computer forensic analysis, preservation, collection strategies\" srcset=\"https:\/\/idsinc.com\/wp-content\/uploads\/2026\/02\/julian-ackert-e1770822468969.webp 400w, https:\/\/idsinc.com\/wp-content\/uploads\/2026\/02\/julian-ackert-e1770822468969-300x300.webp 300w, https:\/\/idsinc.com\/wp-content\/uploads\/2026\/02\/julian-ackert-e1770822468969-150x150.webp 150w, https:\/\/idsinc.com\/wp-content\/uploads\/2026\/02\/julian-ackert-e1770822468969-12x12.webp 12w\" sizes=\"(max-width: 400px) 100vw, 400px\" \/>\n<h1>Julian Ackert<br\/>Senior Managing Director<\/h1>\n<p>Mr. Julian Ackert, a Senior Managing Director at iDiscovery Solutions (iDS) in Washington DC, has over 20 years of consulting and project management experience in the technology and litigation industries.<\/p> <p>He has extensive experience with forensic data collection, computer forensic analysis, creating and implementing preservation and collection strategies, managing electronic data processing and review endeavors, analyzing complex transactional data systems, and working with large multi-national corporations to establish and develop methodologies and best practices for litigation preparedness. Mr. Ackert has written expert reports and provided testimony on the forensic preservation, acquisition, and analysis of electronic information. Additionally, he has worked on several international projects involving complex data privacy, collection, and review challenges.<\/p>\n<a href=\"https:\/\/idsinc.com\/ids-talks-overcoming-data-challenges-in-high-stakes-litigation-with-julian-ackert\/\" rel=\"noopener\" target=\"_blank\"> <img src=\"https:\/\/idsinc.com\/wp-content\/uploads\/2024\/07\/iDS-talks-art-4.1.jpg\" title=\"Watch Full Podcast\" alt=\"Watch Full Podcast\" srcset=\"https:\/\/idsinc.com\/wp-content\/uploads\/2024\/07\/iDS-talks-art-4.1.jpg 1280w, https:\/\/idsinc.com\/wp-content\/uploads\/2024\/07\/iDS-talks-art-4.1-300x169.jpg 300w, https:\/\/idsinc.com\/wp-content\/uploads\/2024\/07\/iDS-talks-art-4.1-1024x576.jpg 1024w, https:\/\/idsinc.com\/wp-content\/uploads\/2024\/07\/iDS-talks-art-4.1-768x432.jpg 768w, https:\/\/idsinc.com\/wp-content\/uploads\/2024\/07\/iDS-talks-art-4.1-18x10.jpg 18w\" sizes=\"(max-width: 1280px) 100vw, 1280px\" \/> <\/a> <h3> <a href=\"https:\/\/idsinc.com\/ids-talks-overcoming-data-challenges-in-high-stakes-litigation-with-julian-ackert\/\" rel=\"noopener\" target=\"_blank\"> Watch Full Podcast <\/a> <\/h3>\n<p style=\"text-align: center;\"><a href=\"tel:(202)249-7865\" target=\"_blank\" rel=\"noopener noreferrer\">202.249.7865 <\/a>\u00a0 |\u00a0 <a href=\"mailto:jackert@idsinc.com\" target=\"_blank\" rel=\"noopener noreferrer\">jackert@idsinc.com <\/a>\u00a0 |\u00a0 <a href=\"https:\/\/www.linkedin.com\/in\/julianackert\/\">LinkedIn<\/a> \u00a0|\u00a0 <a href=\"https:\/\/idsinc.com\/wp-content\/uploads\/2026\/01\/iDS-DH-CV-JulianAckert-2026.pdf\" target=\"_blank\" rel=\"noopener noreferrer\">CV <\/a><\/p>\n<p>Mr. Ackert is a member of The Sedona Conference, Working Group 11 (Data Security and Privacy Library) and Working Group 12 (Trade Secrets). Prior to joining iDS, he was a Principal and New York regional lead at LECG and a Manager at FTI Consulting. Mr. Ackert began his career designing, developing, and implementing Knowledge Management \/ Content Management applications, government middleware solutions, and E-business applications for Federal Government services at Accenture.<\/p>\n<h6>To learn more about Bobby or to schedule him to speak at your event, contact him at <a href=\"tel:(202)249-7865\" target=\"_blank\" rel=\"noopener noreferrer\">202.249.7865 <\/a>, <a href=\"mailto:jackert@idsinc.com\" target=\"_blank\" rel=\"noopener noreferrer\">jackert@idsinc.com <\/a><a href=\"mailto:bwilliams@idsinc.com\" target=\"_blank\" rel=\"noopener noreferrer\">\u00a0<\/a>on his <a href=\"https:\/\/www.linkedin.com\/in\/julianackert\/\">LinkedIn<\/a> or download his\u00a0<a href=\"https:\/\/idsinc.com\/wp-content\/uploads\/2026\/01\/iDS-DH-CV-JulianAckert-2026.pdf\" target=\"_blank\" rel=\"noopener noreferrer\">CV.<\/a><\/h6>","_links":{"self":[{"href":"https:\/\/idsinc.com\/de\/wp-json\/wp\/v2\/pages\/9270","targetHints":{"allow":["GET"]}}],"collection":[{"href":"https:\/\/idsinc.com\/de\/wp-json\/wp\/v2\/pages"}],"about":[{"href":"https:\/\/idsinc.com\/de\/wp-json\/wp\/v2\/types\/page"}],"author":[{"embeddable":true,"href":"https:\/\/idsinc.com\/de\/wp-json\/wp\/v2\/users\/7"}],"replies":[{"embeddable":true,"href":"https:\/\/idsinc.com\/de\/wp-json\/wp\/v2\/comments?post=9270"}],"version-history":[{"count":2,"href":"https:\/\/idsinc.com\/de\/wp-json\/wp\/v2\/pages\/9270\/revisions"}],"predecessor-version":[{"id":9283,"href":"https:\/\/idsinc.com\/de\/wp-json\/wp\/v2\/pages\/9270\/revisions\/9283"}],"wp:featuredmedia":[{"embeddable":true,"href":"https:\/\/idsinc.com\/de\/wp-json\/wp\/v2\/media\/9276"}],"wp:attachment":[{"href":"https:\/\/idsinc.com\/de\/wp-json\/wp\/v2\/media?parent=9270"}],"wp:term":[{"taxonomy":"team","embeddable":true,"href":"https:\/\/idsinc.com\/de\/wp-json\/wp\/v2\/team?post=9270"}],"curies":[{"name":"wp","href":"https:\/\/api.w.org\/{rel}","templated":true}]}}